{"id":4079,"date":"2025-04-17T00:14:27","date_gmt":"2025-04-17T00:14:27","guid":{"rendered":"https:\/\/hawa.com.ar\/?page_id=4079"},"modified":"2025-12-16T21:39:23","modified_gmt":"2025-12-16T21:39:23","slug":"finca-organica-olivicola","status":"publish","type":"page","link":"https:\/\/hawa.com.ar\/en\/finca-organica-olivicola\/","title":{"rendered":"Finca org\u00e1nica oliv\u00edcola"},"content":{"rendered":"<div data-elementor-type=\"wp-page\" data-elementor-id=\"4079\" class=\"elementor elementor-4079\" data-elementor-post-type=\"page\">\n\t\t\t\t\t\t<div class=\"elementor-section elementor-top-section elementor-element elementor-element-1587eeb7 elementor-section-boxed elementor-section-height-default elementor-section-height-default\" data-id=\"1587eeb7\" data-element_type=\"section\" data-e-type=\"section\" data-settings=\"{&quot;background_background&quot;:&quot;classic&quot;,&quot;animation_mobile&quot;:&quot;bounce&quot;}\">\n\t\t\t\t\t\t<div class=\"elementor-container elementor-column-gap-default\">\n\t\t\t\t\t<div class=\"elementor-column elementor-col-100 elementor-top-column elementor-element elementor-element-3056c65f\" data-id=\"3056c65f\" data-element_type=\"column\" data-e-type=\"column\">\n\t\t\t<div class=\"elementor-widget-wrap elementor-element-populated\">\n\t\t\t\t\t\t<div class=\"elementor-element elementor-element-3729ef2f elementor-widget elementor-widget-heading\" data-id=\"3729ef2f\" data-element_type=\"widget\" data-e-type=\"widget\" data-widget_type=\"heading.default\">\n\t\t\t\t<div class=\"elementor-widget-container\">\n\t\t\t\t\t<p class=\"elementor-heading-title elementor-size-default\"><span style=\"font-size: 33.18px\">Conclusions of the work carried out on an organic olive farm that produces olive oil<\/span><\/p>\t\t\t\t<\/div>\n\t\t\t\t<\/div>\n\t\t\t\t<div class=\"elementor-element elementor-element-544bf878 elementor-widget elementor-widget-text-editor\" data-id=\"544bf878\" data-element_type=\"widget\" data-e-type=\"widget\" data-widget_type=\"text-editor.default\">\n\t\t\t\t<div class=\"elementor-widget-container\">\n\t\t\t\t\t\t\t\t\t<p>During 2024 and part of 2025, in the Cuyo region of Hawa, we conducted an in-depth analysis of the carbon footprint of a farm, from the production of olives to their conversion into packaged extra virgin olive oil.<\/p><p>En el siguiente cuadro se aprecian los resultados consolidados de la Huella de Carbono:<\/p><p><img fetchpriority=\"high\" decoding=\"async\" class=\"wp-image-4081 aligncenter\" src=\"https:\/\/hawa.com.ar\/wp-content\/uploads\/2025\/04\/cuadro_finca-300x202.jpg\" alt=\"\" width=\"348\" height=\"235\" srcset=\"https:\/\/hawa.com.ar\/wp-content\/uploads\/2025\/04\/cuadro_finca-300x202.jpg 300w, https:\/\/hawa.com.ar\/wp-content\/uploads\/2025\/04\/cuadro_finca-600x405.jpg 600w, https:\/\/hawa.com.ar\/wp-content\/uploads\/2025\/04\/cuadro_finca.jpg 707w\" sizes=\"(max-width: 348px) 100vw, 348px\" \/><\/p><p>La huella de carbono encontrada es de menos de 1 kg CO2 equivalente\/litro de aceite. Este valor es sustancialmente menor a otros registros en distintas partes del mundo, en especial en aquellos pa\u00edses productores de aceite de oliva.<br \/>Por ejemplo en el caso de una cooperativa espa\u00f1ola han llegado a un valor de 4,4 kg kgCO2eq\/0,5lt AOVE o 8,7 kgCO2\/lt<\/p><p>Los valores tan bajos de la empresa posiblemente se deban a varios factores confluyentes:<\/p><ul><li>La producci\u00f3n sin agroqu\u00edmicos, org\u00e1nica, utilizando adem\u00e1s los mismos restos de poda como abono.<\/li><li>La venta del aceite se realiza en un gran porcentaje en la finca, y el resto en Ferias y por env\u00edo postal, lo que reduce el costo de transporte de terceros y el Alcance 3.<\/li><li>La elaboraci\u00f3n del aceite en la misma finca, lo que determina menores traslados de del insumo principal.<\/li><\/ul><p>En el siguiente gr\u00e1fico se aprecia cuales son los mayores generadores de huella de carbono y en donde se podr\u00eda reducir:<\/p><ul><li>El primer lugar lo ocupa el riego y otros consumos el\u00e9ctricos con m\u00e1s del 50% de la huella. Se debe notar que en el a\u00f1o 2020 se han implementado paneles solares y se redujo notablemente el consumo de la red el\u00e9ctrica, pero a pesar de eso contin\u00faa siendo elevado.<\/li><li>En segundo lugar el consumo el\u00e9ctrico del molino aceitero con el 14% y valen id\u00e9nticas consideraciones que en el riego.<\/li><li>En tercer lugar el consumo de combustibles alcanza el 10% y obedece a la b\u00fasqueda de insumos (envases entre otros) y al env\u00edo de productos y presencia en ferias.<\/li><\/ul><p>\u00a0<\/p>\t\t\t\t\t\t\t\t<\/div>\n\t\t\t\t<\/div>\n\t\t\t\t<div class=\"elementor-element elementor-element-624443c elementor-widget elementor-widget-image\" data-id=\"624443c\" data-element_type=\"widget\" data-e-type=\"widget\" data-widget_type=\"image.default\">\n\t\t\t\t<div class=\"elementor-widget-container\">\n\t\t\t\t\t\t\t\t\t\t\t\t\t\t\t<img decoding=\"async\" width=\"604\" height=\"575\" src=\"https:\/\/hawa.com.ar\/wp-content\/uploads\/2025\/12\/olivar.png\" class=\"attachment-large size-large wp-image-4631\" alt=\"\" srcset=\"https:\/\/hawa.com.ar\/wp-content\/uploads\/2025\/12\/olivar.png 604w, https:\/\/hawa.com.ar\/wp-content\/uploads\/2025\/12\/olivar-300x286.png 300w, https:\/\/hawa.com.ar\/wp-content\/uploads\/2025\/12\/olivar-13x12.png 13w\" sizes=\"(max-width: 604px) 100vw, 604px\" \/>\t\t\t\t\t\t\t\t\t\t\t\t\t\t\t<\/div>\n\t\t\t\t<\/div>\n\t\t\t\t<section class=\"elementor-section elementor-inner-section elementor-element elementor-element-8331d3c elementor-section-boxed elementor-section-height-default elementor-section-height-default\" data-id=\"8331d3c\" data-element_type=\"section\" data-e-type=\"section\">\n\t\t\t\t\t\t<div class=\"elementor-container elementor-column-gap-default\">\n\t\t\t\t\t<div class=\"elementor-column elementor-col-100 elementor-inner-column elementor-element elementor-element-ae2b58e\" data-id=\"ae2b58e\" data-element_type=\"column\" data-e-type=\"column\">\n\t\t\t<div class=\"elementor-widget-wrap elementor-element-populated\">\n\t\t\t\t\t\t<div class=\"elementor-element elementor-element-829e8d6 elementor-widget elementor-widget-text-editor\" data-id=\"829e8d6\" data-element_type=\"widget\" data-e-type=\"widget\" data-widget_type=\"text-editor.default\">\n\t\t\t\t<div class=\"elementor-widget-container\">\n\t\t\t\t\t\t\t\t\t<p>La compensaci\u00f3n que produce el olivo al captar Carbono del aire y fijarlo en ramas, ra\u00edces y hojas compensa con creces las emisiones de todo el proceso productivo, primario y de proceso. Como ejemplo vale mencionar que la tasa de fijaci\u00f3n determinada por la Universidad de C\u00f3rdoba en Espa\u00f1a oscila entre 1 y 3 Tn CO2\/ha en sistemas tradicionales, mientras que la fijaci\u00f3n por litro de aceite en manejo tradicional es de 5 kgCO2\/lt aceite. Seg\u00fan el estudio mencionado, los valores de aportes anuales en el olivar en Espa\u00f1a oscilan entre 3,2 y 9,7 MgC\/ha, este \u00faltimo en un sistema de irrigaci\u00f3n tradicional donde la biomasa de los cultivos fue la m\u00e1s alta y donde todo el orujo de la almazara se composta y aplica al suelo.<\/p><p class=\"western\" lang=\"es-ES\" align=\"justify\"><span style=\"font-family: Arial, sans-serif;\">Seg\u00fan este estudio: Los valores de aportes anuales en el olivar en Espa\u00f1a es de 3,2 MgC\/ha y 9,7, este \u00faltimo en un sistema de irrigaci\u00f3n tradicional donde la biomasa de los cultivos fue la m\u00e1s alta y donde todo el orujo de la almazara se composta y aplica al suelo<\/span><a class=\"sdfootnoteanc\" href=\"#sdfootnote1sym\" name=\"sdfootnote1anc\"><sup>1<\/sup><\/a><span style=\"font-family: Arial, sans-serif;\">. <\/span><\/p><div id=\"sdfootnote1\"><p class=\"sdfootnote-western\" lang=\"es-ES\"><a class=\"sdfootnotesym\" href=\"#sdfootnote1anc\" name=\"sdfootnote1sym\">1<\/a> <span lang=\"es-AR\">Fuente: Torr\u00fas-Castillo, M., Calero, J., &amp; Garc\u00eda-Ruiz, R. (2023). <\/span><span lang=\"en-GB\">Does olive cultivation sequester carbon?: Carbon balance along a C input gradient. <\/span><span lang=\"es-AR\">Agriculture, Ecosystems &amp; Environment, 358, 108707.<br \/><em>2 Fuente Penco et al 2024. Comunicaci\u00f3n personal, 15\/12\/2024<\/em><br \/><em>3 Fuente: Torr\u00fas-Castillo, M., Calero, J., &amp; Garc\u00eda-Ruiz, R. (2023). Does olive cultivation sequester<\/em><br \/><em>carbon?: Carbon balance along a C input gradient. Agriculture, Ecosystems &amp; Environment,<\/em><br \/><em>358, 108707.<\/em><br \/><\/span><\/p><\/div>\t\t\t\t\t\t\t\t<\/div>\n\t\t\t\t<\/div>\n\t\t\t\t\t<\/div>\n\t\t<\/div>\n\t\t\t\t\t<\/div>\n\t\t<\/section>\n\t\t\t\t<div class=\"elementor-element elementor-element-709add2 elementor-align-center elementor-widget elementor-widget-button\" data-id=\"709add2\" data-element_type=\"widget\" data-e-type=\"widget\" data-widget_type=\"button.default\">\n\t\t\t\t<div class=\"elementor-widget-container\">\n\t\t\t\t\t\t\t\t\t<div class=\"elementor-button-wrapper\">\n\t\t\t\t\t<a class=\"elementor-button elementor-button-link elementor-size-sm\" href=\"https:\/\/hawa.com.ar\/en\/\">\n\t\t\t\t\t\t<span class=\"elementor-button-content-wrapper\">\n\t\t\t\t\t\t\t\t\t<span class=\"elementor-button-text\">RETURN TO HOME PAGE<\/span>\n\t\t\t\t\t<\/span>\n\t\t\t\t\t<\/a>\n\t\t\t\t<\/div>\n\t\t\t\t\t\t\t\t<\/div>\n\t\t\t\t<\/div>\n\t\t\t\t<div class=\"elementor-element elementor-element-58594341 elementor-widget__width-inherit elementor-fixed elementor-widget elementor-widget-elementskit-back-to-top\" data-id=\"58594341\" data-element_type=\"widget\" data-e-type=\"widget\" data-settings=\"{&quot;_position&quot;:&quot;fixed&quot;}\" data-widget_type=\"elementskit-back-to-top.default\">\n\t\t\t\t<div class=\"elementor-widget-container\">\n\t\t\t\t\t<div class=\"ekit-wid-con\" >\t\t\t<div class=\"ekit-back-to-top-container ekit-btt icon_only\" data-settings=\"{&quot;offset_top&quot;:0,&quot;show_after&quot;:0,&quot;show_scroll&quot;:&quot;yes&quot;,&quot;style&quot;:&quot;icon_only&quot;,&quot;foreground&quot;:null,&quot;background&quot;:null}\"> \n\t\t\t\t<span class=\"ekit-btt__button yes\">\n\t\t\t\t\t<i aria-hidden=\"true\" class=\"fas fa-arrow-up\"><\/i>\t\t\t\t<\/span>\n\t\t\t<\/div>\n\t\t<\/div>\t\t\t\t<\/div>\n\t\t\t\t<\/div>\n\t\t\t\t\t<\/div>\n\t\t<\/div>\n\t\t\t\t\t<\/div>\n\t\t<\/div>\n\t\t\t\t<section class=\"elementor-section elementor-top-section elementor-element elementor-element-bf37306 elementor-section-boxed elementor-section-height-default elementor-section-height-default\" data-id=\"bf37306\" data-element_type=\"section\" data-e-type=\"section\">\n\t\t\t\t\t\t<div class=\"elementor-container elementor-column-gap-default\">\n\t\t\t\t\t<div class=\"elementor-column elementor-col-100 elementor-top-column elementor-element elementor-element-ada5d77\" data-id=\"ada5d77\" data-element_type=\"column\" data-e-type=\"column\">\n\t\t\t<div class=\"elementor-widget-wrap\">\n\t\t\t\t\t\t\t<\/div>\n\t\t<\/div>\n\t\t\t\t\t<\/div>\n\t\t<\/section>\n\t\t\t\t<\/div>","protected":false},"excerpt":{"rendered":"<p>Conclusiones del trabajo realizado en una Finca org\u00e1nica oliv\u00edcola que elabora aceite de oliva Durante el 2024 y parte del 2025 en Hawa hemos realizado en la regi\u00f3n de Cuyo, un an\u00e1lisis profundo sobre la huella de carbono de una Finca desde la producci\u00f3n de aceitunas hasta su conversi\u00f3n en Aceite de oliva virgen extra [&hellip;]<\/p>\n<div class=\"pvc_clear\"><\/div>\n<p id=\"pvc_stats_4079\" class=\"pvc_stats all\" data-element-id=\"4079\" style=\"\"><i class=\"pvc-stats-icon small\" aria-hidden=\"true\"><svg aria-hidden=\"true\" focusable=\"false\" data-prefix=\"far\" data-icon=\"chart-bar\" role=\"img\" xmlns=\"http:\/\/www.w3.org\/2000\/svg\" viewbox=\"0 0 512 512\" class=\"svg-inline--fa fa-chart-bar fa-w-16 fa-2x\"><path fill=\"currentColor\" d=\"M396.8 352h22.4c6.4 0 12.8-6.4 12.8-12.8V108.8c0-6.4-6.4-12.8-12.8-12.8h-22.4c-6.4 0-12.8 6.4-12.8 12.8v230.4c0 6.4 6.4 12.8 12.8 12.8zm-192 0h22.4c6.4 0 12.8-6.4 12.8-12.8V140.8c0-6.4-6.4-12.8-12.8-12.8h-22.4c-6.4 0-12.8 6.4-12.8 12.8v198.4c0 6.4 6.4 12.8 12.8 12.8zm96 0h22.4c6.4 0 12.8-6.4 12.8-12.8V204.8c0-6.4-6.4-12.8-12.8-12.8h-22.4c-6.4 0-12.8 6.4-12.8 12.8v134.4c0 6.4 6.4 12.8 12.8 12.8zM496 400H48V80c0-8.84-7.16-16-16-16H16C7.16 64 0 71.16 0 80v336c0 17.67 14.33 32 32 32h464c8.84 0 16-7.16 16-16v-16c0-8.84-7.16-16-16-16zm-387.2-48h22.4c6.4 0 12.8-6.4 12.8-12.8v-70.4c0-6.4-6.4-12.8-12.8-12.8h-22.4c-6.4 0-12.8 6.4-12.8 12.8v70.4c0 6.4 6.4 12.8 12.8 12.8z\" class=\"\"><\/path><\/svg><\/i> <img decoding=\"async\" width=\"16\" height=\"16\" alt=\"Loading\" src=\"https:\/\/hawa.com.ar\/wp-content\/plugins\/page-views-count\/ajax-loader-2x.gif\" border=\"0\" \/><\/p>\n<div class=\"pvc_clear\"><\/div>","protected":false},"author":1,"featured_media":0,"parent":0,"menu_order":0,"comment_status":"closed","ping_status":"closed","template":"","meta":{"footnotes":""},"class_list":["post-4079","page","type-page","status-publish","hentry"],"a3_pvc":{"activated":true,"total_views":0,"today_views":0},"yoast_head":"<!-- This site is optimized with the Yoast SEO plugin v25.3.1 - https:\/\/yoast.com\/wordpress\/plugins\/seo\/ -->\n<title>Finca org\u00e1nica oliv\u00edcola - HAWA<\/title>\n<meta name=\"robots\" content=\"index, follow, max-snippet:-1, max-image-preview:large, max-video-preview:-1\" \/>\n<link rel=\"canonical\" href=\"https:\/\/hawa.com.ar\/en\/finca-organica-olivicola\/\" \/>\n<meta property=\"og:locale\" content=\"en_US\" \/>\n<meta property=\"og:type\" content=\"article\" \/>\n<meta property=\"og:title\" content=\"Finca org\u00e1nica oliv\u00edcola - HAWA\" \/>\n<meta property=\"og:description\" content=\"Conclusiones del trabajo realizado en una Finca org\u00e1nica oliv\u00edcola que elabora aceite de oliva Durante el 2024 y parte del 2025 en Hawa hemos realizado en la regi\u00f3n de Cuyo, un an\u00e1lisis profundo sobre la huella de carbono de una Finca desde la producci\u00f3n de aceitunas hasta su conversi\u00f3n en Aceite de oliva virgen extra [&hellip;]\" \/>\n<meta property=\"og:url\" content=\"https:\/\/hawa.com.ar\/en\/finca-organica-olivicola\/\" \/>\n<meta property=\"og:site_name\" content=\"HAWA\" \/>\n<meta property=\"article:modified_time\" content=\"2025-12-16T21:39:23+00:00\" \/>\n<meta property=\"og:image\" content=\"https:\/\/hawa.com.ar\/wp-content\/uploads\/2025\/04\/cuadro_finca.jpg\" \/>\n\t<meta property=\"og:image:width\" content=\"707\" \/>\n\t<meta property=\"og:image:height\" content=\"477\" \/>\n\t<meta property=\"og:image:type\" content=\"image\/jpeg\" \/>\n<meta name=\"twitter:card\" content=\"summary_large_image\" \/>\n<meta name=\"twitter:label1\" content=\"Est. reading time\" \/>\n\t<meta name=\"twitter:data1\" content=\"4 minutes\" \/>\n<script type=\"application\/ld+json\" class=\"yoast-schema-graph\">{\"@context\":\"https:\/\/schema.org\",\"@graph\":[{\"@type\":\"WebPage\",\"@id\":\"https:\/\/hawa.com.ar\/finca-organica-olivicola\/\",\"url\":\"https:\/\/hawa.com.ar\/finca-organica-olivicola\/\",\"name\":\"Finca org\u00e1nica oliv\u00edcola - HAWA\",\"isPartOf\":{\"@id\":\"https:\/\/hawa.com.ar\/#website\"},\"primaryImageOfPage\":{\"@id\":\"https:\/\/hawa.com.ar\/finca-organica-olivicola\/#primaryimage\"},\"image\":{\"@id\":\"https:\/\/hawa.com.ar\/finca-organica-olivicola\/#primaryimage\"},\"thumbnailUrl\":\"https:\/\/hawa.com.ar\/wp-content\/uploads\/2025\/04\/cuadro_finca-300x202.jpg\",\"datePublished\":\"2025-04-17T00:14:27+00:00\",\"dateModified\":\"2025-12-16T21:39:23+00:00\",\"breadcrumb\":{\"@id\":\"https:\/\/hawa.com.ar\/finca-organica-olivicola\/#breadcrumb\"},\"inLanguage\":\"en-US\",\"potentialAction\":[{\"@type\":\"ReadAction\",\"target\":[\"https:\/\/hawa.com.ar\/finca-organica-olivicola\/\"]}]},{\"@type\":\"ImageObject\",\"inLanguage\":\"en-US\",\"@id\":\"https:\/\/hawa.com.ar\/finca-organica-olivicola\/#primaryimage\",\"url\":\"https:\/\/hawa.com.ar\/wp-content\/uploads\/2025\/04\/cuadro_finca-300x202.jpg\",\"contentUrl\":\"https:\/\/hawa.com.ar\/wp-content\/uploads\/2025\/04\/cuadro_finca-300x202.jpg\"},{\"@type\":\"BreadcrumbList\",\"@id\":\"https:\/\/hawa.com.ar\/finca-organica-olivicola\/#breadcrumb\",\"itemListElement\":[{\"@type\":\"ListItem\",\"position\":1,\"name\":\"Portada\",\"item\":\"https:\/\/hawa.com.ar\/\"},{\"@type\":\"ListItem\",\"position\":2,\"name\":\"Finca org\u00e1nica oliv\u00edcola\"}]},{\"@type\":\"WebSite\",\"@id\":\"https:\/\/hawa.com.ar\/#website\",\"url\":\"https:\/\/hawa.com.ar\/\",\"name\":\"HAWA\",\"description\":\"Analizamos tu huella de carbono y te brindamos herramientas para minimizarla y compensar.\",\"publisher\":{\"@id\":\"https:\/\/hawa.com.ar\/#organization\"},\"alternateName\":\"Consultora ambiental\",\"potentialAction\":[{\"@type\":\"SearchAction\",\"target\":{\"@type\":\"EntryPoint\",\"urlTemplate\":\"https:\/\/hawa.com.ar\/?s={search_term_string}\"},\"query-input\":{\"@type\":\"PropertyValueSpecification\",\"valueRequired\":true,\"valueName\":\"search_term_string\"}}],\"inLanguage\":\"en-US\"},{\"@type\":\"Organization\",\"@id\":\"https:\/\/hawa.com.ar\/#organization\",\"name\":\"HAWA Consultora ambiental\",\"alternateName\":\"Consultora ambiental\",\"url\":\"https:\/\/hawa.com.ar\/\",\"logo\":{\"@type\":\"ImageObject\",\"inLanguage\":\"en-US\",\"@id\":\"https:\/\/hawa.com.ar\/#\/schema\/logo\/image\/\",\"url\":\"https:\/\/hawa.com.ar\/wp-content\/uploads\/2023\/06\/1-e1743913746981.png\",\"contentUrl\":\"https:\/\/hawa.com.ar\/wp-content\/uploads\/2023\/06\/1-e1743913746981.png\",\"width\":724,\"height\":311,\"caption\":\"HAWA Consultora ambiental\"},\"image\":{\"@id\":\"https:\/\/hawa.com.ar\/#\/schema\/logo\/image\/\"}}]}<\/script>\n<!-- \/ Yoast SEO plugin. -->","yoast_head_json":{"title":"Finca org\u00e1nica oliv\u00edcola - HAWA","robots":{"index":"index","follow":"follow","max-snippet":"max-snippet:-1","max-image-preview":"max-image-preview:large","max-video-preview":"max-video-preview:-1"},"canonical":"https:\/\/hawa.com.ar\/en\/finca-organica-olivicola\/","og_locale":"en_US","og_type":"article","og_title":"Finca org\u00e1nica oliv\u00edcola - HAWA","og_description":"Conclusiones del trabajo realizado en una Finca org\u00e1nica oliv\u00edcola que elabora aceite de oliva Durante el 2024 y parte del 2025 en Hawa hemos realizado en la regi\u00f3n de Cuyo, un an\u00e1lisis profundo sobre la huella de carbono de una Finca desde la producci\u00f3n de aceitunas hasta su conversi\u00f3n en Aceite de oliva virgen extra [&hellip;]","og_url":"https:\/\/hawa.com.ar\/en\/finca-organica-olivicola\/","og_site_name":"HAWA","article_modified_time":"2025-12-16T21:39:23+00:00","og_image":[{"width":707,"height":477,"url":"https:\/\/hawa.com.ar\/wp-content\/uploads\/2025\/04\/cuadro_finca.jpg","type":"image\/jpeg"}],"twitter_card":"summary_large_image","twitter_misc":{"Est. reading time":"4 minutes"},"schema":{"@context":"https:\/\/schema.org","@graph":[{"@type":"WebPage","@id":"https:\/\/hawa.com.ar\/finca-organica-olivicola\/","url":"https:\/\/hawa.com.ar\/finca-organica-olivicola\/","name":"Finca org\u00e1nica oliv\u00edcola - HAWA","isPartOf":{"@id":"https:\/\/hawa.com.ar\/#website"},"primaryImageOfPage":{"@id":"https:\/\/hawa.com.ar\/finca-organica-olivicola\/#primaryimage"},"image":{"@id":"https:\/\/hawa.com.ar\/finca-organica-olivicola\/#primaryimage"},"thumbnailUrl":"https:\/\/hawa.com.ar\/wp-content\/uploads\/2025\/04\/cuadro_finca-300x202.jpg","datePublished":"2025-04-17T00:14:27+00:00","dateModified":"2025-12-16T21:39:23+00:00","breadcrumb":{"@id":"https:\/\/hawa.com.ar\/finca-organica-olivicola\/#breadcrumb"},"inLanguage":"en-US","potentialAction":[{"@type":"ReadAction","target":["https:\/\/hawa.com.ar\/finca-organica-olivicola\/"]}]},{"@type":"ImageObject","inLanguage":"en-US","@id":"https:\/\/hawa.com.ar\/finca-organica-olivicola\/#primaryimage","url":"https:\/\/hawa.com.ar\/wp-content\/uploads\/2025\/04\/cuadro_finca-300x202.jpg","contentUrl":"https:\/\/hawa.com.ar\/wp-content\/uploads\/2025\/04\/cuadro_finca-300x202.jpg"},{"@type":"BreadcrumbList","@id":"https:\/\/hawa.com.ar\/finca-organica-olivicola\/#breadcrumb","itemListElement":[{"@type":"ListItem","position":1,"name":"Portada","item":"https:\/\/hawa.com.ar\/"},{"@type":"ListItem","position":2,"name":"Finca org\u00e1nica oliv\u00edcola"}]},{"@type":"WebSite","@id":"https:\/\/hawa.com.ar\/#website","url":"https:\/\/hawa.com.ar\/","name":"HAWA","description":"We analyze your carbon footprint and provide you with tools to minimize and offset it.","publisher":{"@id":"https:\/\/hawa.com.ar\/#organization"},"alternateName":"Consultora ambiental","potentialAction":[{"@type":"SearchAction","target":{"@type":"EntryPoint","urlTemplate":"https:\/\/hawa.com.ar\/?s={search_term_string}"},"query-input":{"@type":"PropertyValueSpecification","valueRequired":true,"valueName":"search_term_string"}}],"inLanguage":"en-US"},{"@type":"Organization","@id":"https:\/\/hawa.com.ar\/#organization","name":"HAWA Consultora ambiental","alternateName":"Consultora ambiental","url":"https:\/\/hawa.com.ar\/","logo":{"@type":"ImageObject","inLanguage":"en-US","@id":"https:\/\/hawa.com.ar\/#\/schema\/logo\/image\/","url":"https:\/\/hawa.com.ar\/wp-content\/uploads\/2023\/06\/1-e1743913746981.png","contentUrl":"https:\/\/hawa.com.ar\/wp-content\/uploads\/2023\/06\/1-e1743913746981.png","width":724,"height":311,"caption":"HAWA Consultora ambiental"},"image":{"@id":"https:\/\/hawa.com.ar\/#\/schema\/logo\/image\/"}}]}},"_links":{"self":[{"href":"https:\/\/hawa.com.ar\/en\/wp-json\/wp\/v2\/pages\/4079","targetHints":{"allow":["GET"]}}],"collection":[{"href":"https:\/\/hawa.com.ar\/en\/wp-json\/wp\/v2\/pages"}],"about":[{"href":"https:\/\/hawa.com.ar\/en\/wp-json\/wp\/v2\/types\/page"}],"author":[{"embeddable":true,"href":"https:\/\/hawa.com.ar\/en\/wp-json\/wp\/v2\/users\/1"}],"replies":[{"embeddable":true,"href":"https:\/\/hawa.com.ar\/en\/wp-json\/wp\/v2\/comments?post=4079"}],"version-history":[{"count":46,"href":"https:\/\/hawa.com.ar\/en\/wp-json\/wp\/v2\/pages\/4079\/revisions"}],"predecessor-version":[{"id":4645,"href":"https:\/\/hawa.com.ar\/en\/wp-json\/wp\/v2\/pages\/4079\/revisions\/4645"}],"wp:attachment":[{"href":"https:\/\/hawa.com.ar\/en\/wp-json\/wp\/v2\/media?parent=4079"}],"curies":[{"name":"wp","href":"https:\/\/api.w.org\/{rel}","templated":true}]}}