{"id":4255,"date":"2025-06-20T19:44:05","date_gmt":"2025-06-20T19:44:05","guid":{"rendered":"https:\/\/hawa.com.ar\/?page_id=4255"},"modified":"2025-11-30T17:41:53","modified_gmt":"2025-11-30T17:41:53","slug":"articulo-nota-tassi","status":"publish","type":"page","link":"https:\/\/hawa.com.ar\/en\/articulo-nota-tassi\/","title":{"rendered":"articulo-nota-tassi"},"content":{"rendered":"<div data-elementor-type=\"wp-page\" data-elementor-id=\"4255\" class=\"elementor elementor-4255\" data-elementor-post-type=\"page\">\n\t\t\t\t\t\t<div class=\"elementor-section elementor-top-section elementor-element elementor-element-9b006c3 elementor-section-full_width elementor-section-height-default elementor-section-height-default\" data-id=\"9b006c3\" data-element_type=\"section\" data-e-type=\"section\" data-settings=\"{&quot;background_background&quot;:&quot;classic&quot;,&quot;animation_mobile&quot;:&quot;bounce&quot;}\">\n\t\t\t\t\t\t<div class=\"elementor-container elementor-column-gap-default\">\n\t\t\t\t\t<div class=\"elementor-column elementor-col-100 elementor-top-column elementor-element elementor-element-f643c84\" data-id=\"f643c84\" data-element_type=\"column\" data-e-type=\"column\">\n\t\t\t<div class=\"elementor-widget-wrap elementor-element-populated\">\n\t\t\t\t\t\t<div class=\"elementor-element elementor-element-6fc1e60 elementor-widget elementor-widget-heading\" data-id=\"6fc1e60\" data-element_type=\"widget\" data-e-type=\"widget\" data-widget_type=\"heading.default\">\n\t\t\t\t<div class=\"elementor-widget-container\">\n\t\t\t\t\t<p class=\"elementor-heading-title elementor-size-default\">Power Factor and Carbon Footprint\n<\/p>\t\t\t\t<\/div>\n\t\t\t\t<\/div>\n\t\t\t\t<div class=\"elementor-element elementor-element-691999e elementor-widget elementor-widget-text-editor\" data-id=\"691999e\" data-element_type=\"widget\" data-e-type=\"widget\" data-widget_type=\"text-editor.default\">\n\t\t\t\t<div class=\"elementor-widget-container\">\n\t\t\t\t\t\t\t\t\t<p><span style=\"font-weight: 500;\"><img fetchpriority=\"high\" decoding=\"async\" class=\"size-medium wp-image-4507 alignleft\" src=\"https:\/\/hawa.com.ar\/wp-content\/uploads\/2025\/11\/Enre_logo-300x219.png\" alt=\"ENRE\" width=\"300\" height=\"219\" srcset=\"https:\/\/hawa.com.ar\/wp-content\/uploads\/2025\/11\/Enre_logo-300x219.png 300w, https:\/\/hawa.com.ar\/wp-content\/uploads\/2025\/11\/Enre_logo-16x12.png 16w, https:\/\/hawa.com.ar\/wp-content\/uploads\/2025\/11\/Enre_logo.png 572w\" sizes=\"(max-width: 300px) 100vw, 300px\" \/>According to the new ENRE Resolution 85\/2024, installations must be adapted to avoid fines and ensure that the Power Factor is optimized, avoiding surcharges and penalties of up to 20% on the electricity bill. This correction is achieved by installing capacitors that reduce reactive energy consumption, lowering current and losses.<\/span><\/p><p><b>What is Power Factor?<\/b><\/p><p><span style=\"font-weight: 500;\">Es un indicador de la potencia el\u00e9ctrica aprovechada o desperdiciada. Est\u00e1 dada por la relaci\u00f3n trigonom\u00e9trica entre la Potencia Activa (energ\u00eda que se transforma en trabajo real, sea iluminaci\u00f3n, movimiento, etc), la Potencia Reactiva (la energ\u00eda desaprovechada en forma de efecto Joule &#8211; calor -, campos magn\u00e9ticos, etc) y la Potencia Aparente, la cual es la energ\u00eda que realmente est\u00e1 movi\u00e9ndose por los conductores y la distribuidora entrega.<\/span><span style=\"font-weight: 500;\"><br \/><\/span><span style=\"font-weight: 500;\"><br \/><\/span><span style=\"font-weight: 500;\">Un Factor de Potencia bajo significa:<\/span><\/p><ul><li style=\"font-weight: 500;\" aria-level=\"1\"><span style=\"font-weight: 500;\"><em><strong>Mayor<\/strong> <\/em>p\u00e9rdida de energ\u00eda.<\/span><\/li><li style=\"font-weight: 500;\" aria-level=\"1\"><span style=\"font-weight: 500;\"><em><strong>Menor<\/strong> <\/em>eficiencia<\/span><\/li><li style=\"font-weight: 500;\" aria-level=\"1\"><span style=\"font-weight: 500;\"><em><strong>Mayor<\/strong><\/em> consumo de potencia reactiva<\/span><\/li><li style=\"font-weight: 500;\" aria-level=\"1\"><span style=\"font-weight: 500;\"><em><strong>Mayor<\/strong><\/em> dimensionamiento de la instalaci\u00f3n. (conductores de mayor di\u00e1metro)<\/span><\/li><li style=\"font-weight: 500;\" aria-level=\"1\"><span style=\"text-decoration: underline;\"><em><strong>Up to 20% fines on your electricity bill.<\/strong><\/em><\/span><\/li><\/ul><p><span style=\"font-weight: 500;\">The closer the power factor is to 1, the greater the energy efficiency. This is achieved with capacitors.<\/span><\/p><p><span style=\"font-weight: 500;\"><img decoding=\"async\" class=\"wp-image-4262 aligncenter\" src=\"https:\/\/hawa.com.ar\/wp-content\/uploads\/2025\/06\/tessi@4x-300x91.png\" alt=\"\" width=\"574\" height=\"175\" srcset=\"https:\/\/hawa.com.ar\/wp-content\/uploads\/2025\/06\/tessi@4x-300x91.png 300w, https:\/\/hawa.com.ar\/wp-content\/uploads\/2025\/06\/tessi@4x-18x5.png 18w\" sizes=\"(max-width: 574px) 100vw, 574px\" \/><\/span><span style=\"font-weight: 500;\"><br \/><\/span><span style=\"font-weight: 500;\">Los capacitores entregan Potencia Capacitiva que disminuye la Potencia Reactiva, bajando las p\u00e9rdidas innecesarias. En motores se puede llegar a poner capacitores fijos que eleven el factor de potencia al estar la maquinar\u00eda en uso. En cambio, en instalaciones de consumos err\u00e1ticos, se debe instalar un Banco Autom\u00e1tico de Capacitores.<\/span><span style=\"font-weight: 500;\"><br \/><\/span><span style=\"font-weight: 500;\">Power factor correction through the installation of capacitors improves the sustainability of companies' electrical installations, reducing their carbon footprint. To what extent? The most common power factors range between 0.75 and 0.90. If these values \u200b\u200bwere increased to 0.95, for example, the reduction in electricity consumption would be between 10 and 20%, and therefore the same percentage reduction in the Carbon Footprint, especially in Scope 2.<\/span><span style=\"font-weight: 500;\">. (<span style=\"font-weight: 400;\"> Scope 2 emissions include Greenhouse Gas (GHG) emissions from purchased or acquired energy, such as electricity, steam, heat, or cooling.<\/span><\/span><\/p><h6 style=\"line-height: 1.8; margin-right: 28.85pt; margin-top: 14pt; margin-bottom: 14pt; text-align: center; padding-left: 40px;\"><strong><a style=\"text-decoration: none;\" href=\"http:\/\/www.tassi.com.ar\" target=\"_blank\" rel=\"noopener\"><span style=\"font-size: 12pt; font-family: 'Noto Sans', sans-serif; background-color: transparent; font-style: normal; font-variant: normal; text-decoration-skip-ink: none; vertical-align: baseline; white-space: pre-wrap;\">www.tassi.com.ar<\/span><\/a><\/strong><\/h6>\t\t\t\t\t\t\t\t<\/div>\n\t\t\t\t<\/div>\n\t\t\t\t<div class=\"elementor-element elementor-element-579ee4a elementor-align-center elementor-widget elementor-widget-button\" data-id=\"579ee4a\" data-element_type=\"widget\" data-e-type=\"widget\" data-widget_type=\"button.default\">\n\t\t\t\t<div class=\"elementor-widget-container\">\n\t\t\t\t\t\t\t\t\t<div class=\"elementor-button-wrapper\">\n\t\t\t\t\t<a class=\"elementor-button elementor-button-link elementor-size-sm\" href=\"https:\/\/hawa.com.ar\/en\/\">\n\t\t\t\t\t\t<span class=\"elementor-button-content-wrapper\">\n\t\t\t\t\t\t\t\t\t<span class=\"elementor-button-text\">RETURN TO HOME PAGE<\/span>\n\t\t\t\t\t<\/span>\n\t\t\t\t\t<\/a>\n\t\t\t\t<\/div>\n\t\t\t\t\t\t\t\t<\/div>\n\t\t\t\t<\/div>\n\t\t\t\t<div class=\"elementor-element elementor-element-678c58b elementor-widget__width-inherit elementor-fixed elementor-widget elementor-widget-elementskit-back-to-top\" data-id=\"678c58b\" data-element_type=\"widget\" data-e-type=\"widget\" data-settings=\"{&quot;_position&quot;:&quot;fixed&quot;}\" data-widget_type=\"elementskit-back-to-top.default\">\n\t\t\t\t<div class=\"elementor-widget-container\">\n\t\t\t\t\t<div class=\"ekit-wid-con\" >\t\t\t<div class=\"ekit-back-to-top-container ekit-btt icon_only\" data-settings=\"{&quot;offset_top&quot;:0,&quot;show_after&quot;:0,&quot;show_scroll&quot;:&quot;yes&quot;,&quot;style&quot;:&quot;icon_only&quot;,&quot;foreground&quot;:null,&quot;background&quot;:null}\"> \n\t\t\t\t<span class=\"ekit-btt__button yes\">\n\t\t\t\t\t<i aria-hidden=\"true\" class=\"fas fa-arrow-up\"><\/i>\t\t\t\t<\/span>\n\t\t\t<\/div>\n\t\t<\/div>\t\t\t\t<\/div>\n\t\t\t\t<\/div>\n\t\t\t\t\t<\/div>\n\t\t<\/div>\n\t\t\t\t\t<\/div>\n\t\t<\/div>\n\t\t\t\t<\/div>","protected":false},"excerpt":{"rendered":"<p>El Factor de Potencia y la Huella de Carbono Por la nueva Resoluci\u00f3n 85\/2024 del ENRE, se debe adecuar las instalaciones para evitar multas y garantizar que el Factor de Potencia se encuentre optimizado y\u00a0 evitar recargos y penalidades de hasta un 20% en la factura de electricidad. Esta correcci\u00f3n se realiza mediante la instalaci\u00f3n [&hellip;]<\/p>\n<div class=\"pvc_clear\"><\/div>\n<p id=\"pvc_stats_4255\" class=\"pvc_stats all\" data-element-id=\"4255\" style=\"\"><i class=\"pvc-stats-icon small\" aria-hidden=\"true\"><svg aria-hidden=\"true\" focusable=\"false\" data-prefix=\"far\" data-icon=\"chart-bar\" role=\"img\" xmlns=\"http:\/\/www.w3.org\/2000\/svg\" viewbox=\"0 0 512 512\" class=\"svg-inline--fa fa-chart-bar fa-w-16 fa-2x\"><path fill=\"currentColor\" d=\"M396.8 352h22.4c6.4 0 12.8-6.4 12.8-12.8V108.8c0-6.4-6.4-12.8-12.8-12.8h-22.4c-6.4 0-12.8 6.4-12.8 12.8v230.4c0 6.4 6.4 12.8 12.8 12.8zm-192 0h22.4c6.4 0 12.8-6.4 12.8-12.8V140.8c0-6.4-6.4-12.8-12.8-12.8h-22.4c-6.4 0-12.8 6.4-12.8 12.8v198.4c0 6.4 6.4 12.8 12.8 12.8zm96 0h22.4c6.4 0 12.8-6.4 12.8-12.8V204.8c0-6.4-6.4-12.8-12.8-12.8h-22.4c-6.4 0-12.8 6.4-12.8 12.8v134.4c0 6.4 6.4 12.8 12.8 12.8zM496 400H48V80c0-8.84-7.16-16-16-16H16C7.16 64 0 71.16 0 80v336c0 17.67 14.33 32 32 32h464c8.84 0 16-7.16 16-16v-16c0-8.84-7.16-16-16-16zm-387.2-48h22.4c6.4 0 12.8-6.4 12.8-12.8v-70.4c0-6.4-6.4-12.8-12.8-12.8h-22.4c-6.4 0-12.8 6.4-12.8 12.8v70.4c0 6.4 6.4 12.8 12.8 12.8z\" class=\"\"><\/path><\/svg><\/i> <img decoding=\"async\" width=\"16\" height=\"16\" alt=\"Loading\" src=\"https:\/\/hawa.com.ar\/wp-content\/plugins\/page-views-count\/ajax-loader-2x.gif\" border=\"0\" \/><\/p>\n<div class=\"pvc_clear\"><\/div>","protected":false},"author":1,"featured_media":0,"parent":0,"menu_order":0,"comment_status":"closed","ping_status":"closed","template":"","meta":{"footnotes":""},"class_list":["post-4255","page","type-page","status-publish","hentry"],"a3_pvc":{"activated":true,"total_views":0,"today_views":0},"yoast_head":"<!-- This site is optimized with the Yoast SEO plugin v25.3.1 - https:\/\/yoast.com\/wordpress\/plugins\/seo\/ -->\n<title>articulo-nota-tassi - HAWA<\/title>\n<meta name=\"robots\" content=\"index, follow, max-snippet:-1, max-image-preview:large, max-video-preview:-1\" \/>\n<link rel=\"canonical\" href=\"https:\/\/hawa.com.ar\/en\/articulo-nota-tassi\/\" \/>\n<meta property=\"og:locale\" content=\"en_US\" \/>\n<meta property=\"og:type\" content=\"article\" \/>\n<meta property=\"og:title\" content=\"articulo-nota-tassi - HAWA\" \/>\n<meta property=\"og:description\" content=\"El Factor de Potencia y la Huella de Carbono Por la nueva Resoluci\u00f3n 85\/2024 del ENRE, se debe adecuar las instalaciones para evitar multas y garantizar que el Factor de Potencia se encuentre optimizado y\u00a0 evitar recargos y penalidades de hasta un 20% en la factura de electricidad. Esta correcci\u00f3n se realiza mediante la instalaci\u00f3n [&hellip;]\" \/>\n<meta property=\"og:url\" content=\"https:\/\/hawa.com.ar\/en\/articulo-nota-tassi\/\" \/>\n<meta property=\"og:site_name\" content=\"HAWA\" \/>\n<meta property=\"article:modified_time\" content=\"2025-11-30T17:41:53+00:00\" \/>\n<meta property=\"og:image\" content=\"https:\/\/hawa.com.ar\/wp-content\/uploads\/2025\/11\/Enre_logo.png\" \/>\n\t<meta property=\"og:image:width\" content=\"572\" \/>\n\t<meta property=\"og:image:height\" content=\"418\" \/>\n\t<meta property=\"og:image:type\" content=\"image\/png\" \/>\n<meta name=\"twitter:card\" content=\"summary_large_image\" \/>\n<meta name=\"twitter:label1\" content=\"Est. reading time\" \/>\n\t<meta name=\"twitter:data1\" content=\"3 minutes\" \/>\n<script type=\"application\/ld+json\" class=\"yoast-schema-graph\">{\"@context\":\"https:\/\/schema.org\",\"@graph\":[{\"@type\":\"WebPage\",\"@id\":\"https:\/\/hawa.com.ar\/articulo-nota-tassi\/\",\"url\":\"https:\/\/hawa.com.ar\/articulo-nota-tassi\/\",\"name\":\"articulo-nota-tassi - HAWA\",\"isPartOf\":{\"@id\":\"https:\/\/hawa.com.ar\/#website\"},\"primaryImageOfPage\":{\"@id\":\"https:\/\/hawa.com.ar\/articulo-nota-tassi\/#primaryimage\"},\"image\":{\"@id\":\"https:\/\/hawa.com.ar\/articulo-nota-tassi\/#primaryimage\"},\"thumbnailUrl\":\"https:\/\/hawa.com.ar\/wp-content\/uploads\/2025\/11\/Enre_logo-300x219.png\",\"datePublished\":\"2025-06-20T19:44:05+00:00\",\"dateModified\":\"2025-11-30T17:41:53+00:00\",\"breadcrumb\":{\"@id\":\"https:\/\/hawa.com.ar\/articulo-nota-tassi\/#breadcrumb\"},\"inLanguage\":\"en-US\",\"potentialAction\":[{\"@type\":\"ReadAction\",\"target\":[\"https:\/\/hawa.com.ar\/articulo-nota-tassi\/\"]}]},{\"@type\":\"ImageObject\",\"inLanguage\":\"en-US\",\"@id\":\"https:\/\/hawa.com.ar\/articulo-nota-tassi\/#primaryimage\",\"url\":\"https:\/\/hawa.com.ar\/wp-content\/uploads\/2025\/11\/Enre_logo-300x219.png\",\"contentUrl\":\"https:\/\/hawa.com.ar\/wp-content\/uploads\/2025\/11\/Enre_logo-300x219.png\"},{\"@type\":\"BreadcrumbList\",\"@id\":\"https:\/\/hawa.com.ar\/articulo-nota-tassi\/#breadcrumb\",\"itemListElement\":[{\"@type\":\"ListItem\",\"position\":1,\"name\":\"Portada\",\"item\":\"https:\/\/hawa.com.ar\/\"},{\"@type\":\"ListItem\",\"position\":2,\"name\":\"articulo-nota-tassi\"}]},{\"@type\":\"WebSite\",\"@id\":\"https:\/\/hawa.com.ar\/#website\",\"url\":\"https:\/\/hawa.com.ar\/\",\"name\":\"HAWA\",\"description\":\"Analizamos tu huella de carbono y te brindamos herramientas para minimizarla y compensar.\",\"publisher\":{\"@id\":\"https:\/\/hawa.com.ar\/#organization\"},\"alternateName\":\"Consultora ambiental\",\"potentialAction\":[{\"@type\":\"SearchAction\",\"target\":{\"@type\":\"EntryPoint\",\"urlTemplate\":\"https:\/\/hawa.com.ar\/?s={search_term_string}\"},\"query-input\":{\"@type\":\"PropertyValueSpecification\",\"valueRequired\":true,\"valueName\":\"search_term_string\"}}],\"inLanguage\":\"en-US\"},{\"@type\":\"Organization\",\"@id\":\"https:\/\/hawa.com.ar\/#organization\",\"name\":\"HAWA Consultora ambiental\",\"alternateName\":\"Consultora ambiental\",\"url\":\"https:\/\/hawa.com.ar\/\",\"logo\":{\"@type\":\"ImageObject\",\"inLanguage\":\"en-US\",\"@id\":\"https:\/\/hawa.com.ar\/#\/schema\/logo\/image\/\",\"url\":\"https:\/\/hawa.com.ar\/wp-content\/uploads\/2023\/06\/1-e1743913746981.png\",\"contentUrl\":\"https:\/\/hawa.com.ar\/wp-content\/uploads\/2023\/06\/1-e1743913746981.png\",\"width\":724,\"height\":311,\"caption\":\"HAWA Consultora ambiental\"},\"image\":{\"@id\":\"https:\/\/hawa.com.ar\/#\/schema\/logo\/image\/\"}}]}<\/script>\n<!-- \/ Yoast SEO plugin. -->","yoast_head_json":{"title":"articulo-nota-tassi - HAWA","robots":{"index":"index","follow":"follow","max-snippet":"max-snippet:-1","max-image-preview":"max-image-preview:large","max-video-preview":"max-video-preview:-1"},"canonical":"https:\/\/hawa.com.ar\/en\/articulo-nota-tassi\/","og_locale":"en_US","og_type":"article","og_title":"articulo-nota-tassi - HAWA","og_description":"El Factor de Potencia y la Huella de Carbono Por la nueva Resoluci\u00f3n 85\/2024 del ENRE, se debe adecuar las instalaciones para evitar multas y garantizar que el Factor de Potencia se encuentre optimizado y\u00a0 evitar recargos y penalidades de hasta un 20% en la factura de electricidad. Esta correcci\u00f3n se realiza mediante la instalaci\u00f3n [&hellip;]","og_url":"https:\/\/hawa.com.ar\/en\/articulo-nota-tassi\/","og_site_name":"HAWA","article_modified_time":"2025-11-30T17:41:53+00:00","og_image":[{"width":572,"height":418,"url":"https:\/\/hawa.com.ar\/wp-content\/uploads\/2025\/11\/Enre_logo.png","type":"image\/png"}],"twitter_card":"summary_large_image","twitter_misc":{"Est. reading time":"3 minutes"},"schema":{"@context":"https:\/\/schema.org","@graph":[{"@type":"WebPage","@id":"https:\/\/hawa.com.ar\/articulo-nota-tassi\/","url":"https:\/\/hawa.com.ar\/articulo-nota-tassi\/","name":"articulo-nota-tassi - HAWA","isPartOf":{"@id":"https:\/\/hawa.com.ar\/#website"},"primaryImageOfPage":{"@id":"https:\/\/hawa.com.ar\/articulo-nota-tassi\/#primaryimage"},"image":{"@id":"https:\/\/hawa.com.ar\/articulo-nota-tassi\/#primaryimage"},"thumbnailUrl":"https:\/\/hawa.com.ar\/wp-content\/uploads\/2025\/11\/Enre_logo-300x219.png","datePublished":"2025-06-20T19:44:05+00:00","dateModified":"2025-11-30T17:41:53+00:00","breadcrumb":{"@id":"https:\/\/hawa.com.ar\/articulo-nota-tassi\/#breadcrumb"},"inLanguage":"en-US","potentialAction":[{"@type":"ReadAction","target":["https:\/\/hawa.com.ar\/articulo-nota-tassi\/"]}]},{"@type":"ImageObject","inLanguage":"en-US","@id":"https:\/\/hawa.com.ar\/articulo-nota-tassi\/#primaryimage","url":"https:\/\/hawa.com.ar\/wp-content\/uploads\/2025\/11\/Enre_logo-300x219.png","contentUrl":"https:\/\/hawa.com.ar\/wp-content\/uploads\/2025\/11\/Enre_logo-300x219.png"},{"@type":"BreadcrumbList","@id":"https:\/\/hawa.com.ar\/articulo-nota-tassi\/#breadcrumb","itemListElement":[{"@type":"ListItem","position":1,"name":"Portada","item":"https:\/\/hawa.com.ar\/"},{"@type":"ListItem","position":2,"name":"articulo-nota-tassi"}]},{"@type":"WebSite","@id":"https:\/\/hawa.com.ar\/#website","url":"https:\/\/hawa.com.ar\/","name":"HAWA","description":"We analyze your carbon footprint and provide you with tools to minimize and offset it.","publisher":{"@id":"https:\/\/hawa.com.ar\/#organization"},"alternateName":"Consultora ambiental","potentialAction":[{"@type":"SearchAction","target":{"@type":"EntryPoint","urlTemplate":"https:\/\/hawa.com.ar\/?s={search_term_string}"},"query-input":{"@type":"PropertyValueSpecification","valueRequired":true,"valueName":"search_term_string"}}],"inLanguage":"en-US"},{"@type":"Organization","@id":"https:\/\/hawa.com.ar\/#organization","name":"HAWA Consultora ambiental","alternateName":"Consultora ambiental","url":"https:\/\/hawa.com.ar\/","logo":{"@type":"ImageObject","inLanguage":"en-US","@id":"https:\/\/hawa.com.ar\/#\/schema\/logo\/image\/","url":"https:\/\/hawa.com.ar\/wp-content\/uploads\/2023\/06\/1-e1743913746981.png","contentUrl":"https:\/\/hawa.com.ar\/wp-content\/uploads\/2023\/06\/1-e1743913746981.png","width":724,"height":311,"caption":"HAWA Consultora ambiental"},"image":{"@id":"https:\/\/hawa.com.ar\/#\/schema\/logo\/image\/"}}]}},"_links":{"self":[{"href":"https:\/\/hawa.com.ar\/en\/wp-json\/wp\/v2\/pages\/4255","targetHints":{"allow":["GET"]}}],"collection":[{"href":"https:\/\/hawa.com.ar\/en\/wp-json\/wp\/v2\/pages"}],"about":[{"href":"https:\/\/hawa.com.ar\/en\/wp-json\/wp\/v2\/types\/page"}],"author":[{"embeddable":true,"href":"https:\/\/hawa.com.ar\/en\/wp-json\/wp\/v2\/users\/1"}],"replies":[{"embeddable":true,"href":"https:\/\/hawa.com.ar\/en\/wp-json\/wp\/v2\/comments?post=4255"}],"version-history":[{"count":22,"href":"https:\/\/hawa.com.ar\/en\/wp-json\/wp\/v2\/pages\/4255\/revisions"}],"predecessor-version":[{"id":4514,"href":"https:\/\/hawa.com.ar\/en\/wp-json\/wp\/v2\/pages\/4255\/revisions\/4514"}],"wp:attachment":[{"href":"https:\/\/hawa.com.ar\/en\/wp-json\/wp\/v2\/media?parent=4255"}],"curies":[{"name":"wp","href":"https:\/\/api.w.org\/{rel}","templated":true}]}}