{"id":4472,"date":"2025-11-21T21:10:05","date_gmt":"2025-11-21T21:10:05","guid":{"rendered":"https:\/\/hawa.com.ar\/?page_id=4472"},"modified":"2025-11-21T21:23:17","modified_gmt":"2025-11-21T21:23:17","slug":"la-salud-en-contra-de-la-salud","status":"publish","type":"page","link":"https:\/\/hawa.com.ar\/en\/la-salud-en-contra-de-la-salud\/","title":{"rendered":"Huella de Carbono: La salud en contra de la salud"},"content":{"rendered":"<div data-elementor-type=\"wp-page\" data-elementor-id=\"4472\" class=\"elementor elementor-4472\" data-elementor-post-type=\"page\">\n\t\t\t\t\t\t<div class=\"elementor-section elementor-top-section elementor-element elementor-element-e14fc48 elementor-section-full_width elementor-section-height-default elementor-section-height-default\" data-id=\"e14fc48\" data-element_type=\"section\" data-e-type=\"section\" data-settings=\"{&quot;background_background&quot;:&quot;classic&quot;,&quot;animation_mobile&quot;:&quot;bounce&quot;}\">\n\t\t\t\t\t\t<div class=\"elementor-container elementor-column-gap-default\">\n\t\t\t\t\t<div class=\"elementor-column elementor-col-100 elementor-top-column elementor-element elementor-element-b2e6309\" data-id=\"b2e6309\" data-element_type=\"column\" data-e-type=\"column\">\n\t\t\t<div class=\"elementor-widget-wrap elementor-element-populated\">\n\t\t\t\t\t\t<div class=\"elementor-element elementor-element-8ff901b elementor-widget elementor-widget-heading\" data-id=\"8ff901b\" data-element_type=\"widget\" data-e-type=\"widget\" data-widget_type=\"heading.default\">\n\t\t\t\t<div class=\"elementor-widget-container\">\n\t\t\t\t\t<p class=\"elementor-heading-title elementor-size-default\">Huella de carbono: La salud en contra de la salud<\/p>\t\t\t\t<\/div>\n\t\t\t\t<\/div>\n\t\t\t\t<div class=\"elementor-element elementor-element-999757f elementor-widget elementor-widget-text-editor\" data-id=\"999757f\" data-element_type=\"widget\" data-e-type=\"widget\" data-widget_type=\"text-editor.default\">\n\t\t\t\t<div class=\"elementor-widget-container\">\n\t\t\t\t\t\t\t\t\t<p><img decoding=\"async\" class=\"wp-image-4478 alignright\" src=\"https:\/\/hawa.com.ar\/wp-content\/uploads\/2025\/11\/salud-563-300x164.png\" alt=\"Salud\" width=\"300\" height=\"164\" srcset=\"https:\/\/hawa.com.ar\/wp-content\/uploads\/2025\/11\/salud-563-300x164.png 300w, https:\/\/hawa.com.ar\/wp-content\/uploads\/2025\/11\/salud-563-18x10.png 18w, https:\/\/hawa.com.ar\/wp-content\/uploads\/2025\/11\/salud-563.png 563w\" sizes=\"(max-width: 300px) 100vw, 300px\" \/>Certainly, associating the health sector or health systems with climate change doesn't seem to make much sense. However, as with most human activities, those related to health also have a negative impact on the environment.<\/p><p>Scientific and technological advances in the health sector are definitely bringing about positive changes in our quality of life.<br \/>However, this improvement does not come without a price; it comes at the expense of a higher environmental cost. Fortunately, however, science also offers us the ability to measure this cost: our ecological and carbon footprints.<\/p><p>The Ecological Footprint, a useful tool for measuring environmental impact<br \/>Simply put, the ecological footprint is an indicator of our planet's productive capacity. Indeed, all of our activities consume resources and generate waste. Therefore, when we exceed our waste production\u2014that is, when we alter the Earth's capacity to absorb it\u2014we are creating an imbalance. Thus, when this happens, it means we are doing things wrong because we are not giving the planet time to recover. A true reflection of this is that currently, according to various reports, our consumption needs exceed the planet's capacity to regenerate the resources we use by between 30 and 60%.<br \/>The carbon footprint and the impact of health sector activities<br \/>The carbon footprint is another indicator that allows us to calculate the amount of greenhouse gases emitted, both individually and as a result of a specific activity. In fact, nothing we produce or consume is possible without using energy, and this is mostly supplied by fossil fuels: gas, oil, and coal, the main sources of these gases.<br \/>Regarding the health sector, there are reports that assign it primary responsibility for climate change, which, paradoxically, constitutes the greatest threat to human health. This is because the services it provides, as well as the<br \/>products and technologies it uses are part of an intensive chain of greenhouse gas release.<\/p><p>Of course, the best way to demonstrate that what is claimed is what is observed in reality is through the data that reality provides. These data tell us the following:<\/p><p>The ecological footprint of the healthcare sector is equivalent to 4.4% of net global emissions. This figure places the healthcare sector as one of the main drivers of climate change.<br \/>To measure the sector's global ecological footprint, we can say that this emission is equivalent to the annual output of 514 coal-fired power plants.<br \/>If we wanted to give the health sector a physical representation in the form of a country, this imaginary country would be the fifth largest emitter on the planet.<br \/>More than 50% of the carbon footprint produced is attributable to energy consumption from fossil fuels.<br \/>What are the sources of emissions from the health system?<br \/>The healthcare sector contributes emissions from various sources. There are three categories, depending on their origin:<br \/>Those that are directly generated by healthcare facilities and account for 17% of the system's total global footprint.<br \/>Those of indirect origin, that is, those derived from purchased energy: electricity, steam, cooling, and heating. These represent 12% of the total.<br \/>Those originating from the supply chain constitute the largest percentage, 71%. These are linked to the supply chain: production, transportation, and distribution of goods and services used by the sector.<br \/>Can the sector behave in a climate-smart way?<br \/>Ciertamente, no solamente es posible lograrlo, sino que es un deber y un desaf\u00edo para el sector cuidar la salud sin afectar el medio ambiente. Con ese objetivo, se proponen las siguientes acciones:<br \/>Adopci\u00f3n de medidas en los establecimientos de salud para reducir las emisiones; implementaci\u00f3n de sistemas de energ\u00edas limpias y renovables y de descarbonizaci\u00f3n de sistemas energ\u00e9ticos; ejecuci\u00f3n de criterios de compras bajas en carbono o de emisiones cero.<br \/>Promotion, by the health sector, of the transition to clean and renewable energy.<br \/>Identifying paths, timelines, and frameworks for action to achieve zero emissions by 2050, involving all levels.<br \/>Incorporation of climate-smart healthcare principles and strategies by international lending agencies.<br \/>Establishment and implementation of government policies aimed at decarbonizing health systems.<br \/>Deepening research to better understand the interaction between health care and climate change.<br \/>Finally, it is worth highlighting that the health sector has a unique responsibility compared to other sectors of society, which is to protect and promote health and prevent harm. Therefore, investments in health and in health policies aimed at decarbonization should take priority in leading us toward a healthier and more socially equitable future.<\/p><p>Bibliographic references<br \/>Gil Posse, C. (2022). Climate Footprint of the Health Sector. Available at <a href=\"https:\/\/saludsindanio.org\/HuellaClimaticaSalud\">SEE<\/a><br \/>Gonz\u00e1lez, D. (2020). Do you know how much the health sector pollutes the planet? Available at <a href=\"https:\/\/gacetamedica.com\/investigacion\/cuanto-contamina-sector-saludplaneta\/\">SEE<\/a><br \/>Karliner, J. et al. (2019). The Health Sector's Climate Footprint: How the Health Sector Contributes to the Global Climate Crisis: Opportunities for Action. Climate-Smart Healthcare Series. Green Paper No. 1. Available at <a href=\"https:\/\/media.businesshumanrights.org\/media\/documents\/files\/documents\/Huella_clim%C3%A1tica_del_sector_salud.pdf\">SEE<\/a><br \/>Miranda, D. (2020). The ecological deficit is delayed by three weeks in 2020. Available at <a href=\"https:\/\/www.nationalgeographic.com.es\/mundo-ng\/deficit-ecologico-se-retrasatres-semanas2020_15841#:~:text=En%20un%20a%C3%B1o%20marcado%20por,pero%20sigue%20sin%20ser%20suficiente.\">SEE<\/a><br \/>New Medical Economics (2022). Climate Footprint and the Health Sector. Available at <a href=\"https:\/\/www.newmedicaleconomics.es\/en-profundidad\/huella-climatica-y-sectorsalud\/\">SEE<\/a><br \/>Soler, C. (2021). Health and its carbon footprint: Hospitals join the race to zero. Available in <a href=\"https:\/\/www.carbono.news\/salud-y-alimentacion\/la-saludy-su-huella-de-carbono-los-hospitales-se-suman-a-la-carrera-hacia-el-cero\/\">SEE<\/a><br \/>Technological University of Pereira (2020). What is the ecological footprint? Center for Environmental Management. Available at <a href=\"https:\/\/www2.utp.edu.co\/centro-gestionambiental\/informacion-de-interes\/que-es-la-huella-ecologica\">SEE<\/a><\/p>\t\t\t\t\t\t\t\t<\/div>\n\t\t\t\t<\/div>\n\t\t\t\t<div class=\"elementor-element elementor-element-691549e elementor-align-center elementor-widget elementor-widget-button\" data-id=\"691549e\" data-element_type=\"widget\" data-e-type=\"widget\" data-widget_type=\"button.default\">\n\t\t\t\t<div class=\"elementor-widget-container\">\n\t\t\t\t\t\t\t\t\t<div class=\"elementor-button-wrapper\">\n\t\t\t\t\t<a class=\"elementor-button elementor-button-link elementor-size-sm\" href=\"https:\/\/hawa.com.ar\/en\/\">\n\t\t\t\t\t\t<span class=\"elementor-button-content-wrapper\">\n\t\t\t\t\t\t\t\t\t<span class=\"elementor-button-text\">RETURN TO HOME PAGE<\/span>\n\t\t\t\t\t<\/span>\n\t\t\t\t\t<\/a>\n\t\t\t\t<\/div>\n\t\t\t\t\t\t\t\t<\/div>\n\t\t\t\t<\/div>\n\t\t\t\t<div class=\"elementor-element elementor-element-d1686e3 elementor-widget__width-inherit elementor-fixed elementor-widget elementor-widget-elementskit-back-to-top\" data-id=\"d1686e3\" data-element_type=\"widget\" data-e-type=\"widget\" data-settings=\"{&quot;_position&quot;:&quot;fixed&quot;}\" data-widget_type=\"elementskit-back-to-top.default\">\n\t\t\t\t<div class=\"elementor-widget-container\">\n\t\t\t\t\t<div class=\"ekit-wid-con\" >\t\t\t<div class=\"ekit-back-to-top-container ekit-btt icon_only\" data-settings=\"{&quot;offset_top&quot;:0,&quot;show_after&quot;:0,&quot;show_scroll&quot;:&quot;yes&quot;,&quot;style&quot;:&quot;icon_only&quot;,&quot;foreground&quot;:null,&quot;background&quot;:null}\"> \n\t\t\t\t<span class=\"ekit-btt__button yes\">\n\t\t\t\t\t<i aria-hidden=\"true\" class=\"fas fa-arrow-up\"><\/i>\t\t\t\t<\/span>\n\t\t\t<\/div>\n\t\t<\/div>\t\t\t\t<\/div>\n\t\t\t\t<\/div>\n\t\t\t\t\t<\/div>\n\t\t<\/div>\n\t\t\t\t\t<\/div>\n\t\t<\/div>\n\t\t\t\t<section class=\"elementor-section elementor-top-section elementor-element elementor-element-284f36e elementor-section-boxed elementor-section-height-default elementor-section-height-default\" data-id=\"284f36e\" data-element_type=\"section\" data-e-type=\"section\">\n\t\t\t\t\t\t<div class=\"elementor-container elementor-column-gap-default\">\n\t\t\t\t\t<div class=\"elementor-column elementor-col-100 elementor-top-column elementor-element elementor-element-3fec35c\" data-id=\"3fec35c\" data-element_type=\"column\" data-e-type=\"column\">\n\t\t\t<div class=\"elementor-widget-wrap\">\n\t\t\t\t\t\t\t<\/div>\n\t\t<\/div>\n\t\t\t\t\t<\/div>\n\t\t<\/section>\n\t\t\t\t<section class=\"elementor-section elementor-top-section elementor-element elementor-element-fb0182b elementor-section-boxed elementor-section-height-default elementor-section-height-default\" data-id=\"fb0182b\" data-element_type=\"section\" data-e-type=\"section\">\n\t\t\t\t\t\t<div class=\"elementor-container elementor-column-gap-default\">\n\t\t\t\t\t<div class=\"elementor-column elementor-col-100 elementor-top-column elementor-element elementor-element-6e8a703\" data-id=\"6e8a703\" data-element_type=\"column\" data-e-type=\"column\">\n\t\t\t<div class=\"elementor-widget-wrap\">\n\t\t\t\t\t\t\t<\/div>\n\t\t<\/div>\n\t\t\t\t\t<\/div>\n\t\t<\/section>\n\t\t\t\t<\/div>","protected":false},"excerpt":{"rendered":"<p>Huella de carbono: La salud en contra de la salud Ciertamente, asociar al sector salud o a los sistemas de salud con el cambio clim\u00e1tico, no parecer\u00eda tener mucho sentido. Sin embargo, as\u00ed como sucede con la mayor\u00eda de las actividades humanas, las vinculadas con la salud tambi\u00e9n producen un impacto negativo en el ambiente. [&hellip;]<\/p>\n<div class=\"pvc_clear\"><\/div>\n<p id=\"pvc_stats_4472\" class=\"pvc_stats all\" data-element-id=\"4472\" style=\"\"><i class=\"pvc-stats-icon small\" aria-hidden=\"true\"><svg aria-hidden=\"true\" focusable=\"false\" data-prefix=\"far\" data-icon=\"chart-bar\" role=\"img\" xmlns=\"http:\/\/www.w3.org\/2000\/svg\" viewbox=\"0 0 512 512\" class=\"svg-inline--fa fa-chart-bar fa-w-16 fa-2x\"><path fill=\"currentColor\" d=\"M396.8 352h22.4c6.4 0 12.8-6.4 12.8-12.8V108.8c0-6.4-6.4-12.8-12.8-12.8h-22.4c-6.4 0-12.8 6.4-12.8 12.8v230.4c0 6.4 6.4 12.8 12.8 12.8zm-192 0h22.4c6.4 0 12.8-6.4 12.8-12.8V140.8c0-6.4-6.4-12.8-12.8-12.8h-22.4c-6.4 0-12.8 6.4-12.8 12.8v198.4c0 6.4 6.4 12.8 12.8 12.8zm96 0h22.4c6.4 0 12.8-6.4 12.8-12.8V204.8c0-6.4-6.4-12.8-12.8-12.8h-22.4c-6.4 0-12.8 6.4-12.8 12.8v134.4c0 6.4 6.4 12.8 12.8 12.8zM496 400H48V80c0-8.84-7.16-16-16-16H16C7.16 64 0 71.16 0 80v336c0 17.67 14.33 32 32 32h464c8.84 0 16-7.16 16-16v-16c0-8.84-7.16-16-16-16zm-387.2-48h22.4c6.4 0 12.8-6.4 12.8-12.8v-70.4c0-6.4-6.4-12.8-12.8-12.8h-22.4c-6.4 0-12.8 6.4-12.8 12.8v70.4c0 6.4 6.4 12.8 12.8 12.8z\" class=\"\"><\/path><\/svg><\/i> <img decoding=\"async\" width=\"16\" height=\"16\" alt=\"Loading\" src=\"https:\/\/hawa.com.ar\/wp-content\/plugins\/page-views-count\/ajax-loader-2x.gif\" border=\"0\" \/><\/p>\n<div class=\"pvc_clear\"><\/div>","protected":false},"author":1,"featured_media":0,"parent":0,"menu_order":0,"comment_status":"closed","ping_status":"closed","template":"","meta":{"footnotes":""},"class_list":["post-4472","page","type-page","status-publish","hentry"],"a3_pvc":{"activated":true,"total_views":0,"today_views":0},"yoast_head":"<!-- This site is optimized with the Yoast SEO plugin v25.3.1 - https:\/\/yoast.com\/wordpress\/plugins\/seo\/ -->\n<title>Huella de Carbono: La salud en contra de la salud - HAWA<\/title>\n<meta name=\"robots\" content=\"index, follow, max-snippet:-1, max-image-preview:large, max-video-preview:-1\" \/>\n<link rel=\"canonical\" href=\"https:\/\/hawa.com.ar\/en\/la-salud-en-contra-de-la-salud\/\" \/>\n<meta property=\"og:locale\" content=\"en_US\" \/>\n<meta property=\"og:type\" content=\"article\" \/>\n<meta property=\"og:title\" content=\"Huella de Carbono: La salud en contra de la salud - HAWA\" \/>\n<meta property=\"og:description\" content=\"Huella de carbono: La salud en contra de la salud Ciertamente, asociar al sector salud o a los sistemas de salud con el cambio clim\u00e1tico, no parecer\u00eda tener mucho sentido. Sin embargo, as\u00ed como sucede con la mayor\u00eda de las actividades humanas, las vinculadas con la salud tambi\u00e9n producen un impacto negativo en el ambiente. [&hellip;]\" \/>\n<meta property=\"og:url\" content=\"https:\/\/hawa.com.ar\/en\/la-salud-en-contra-de-la-salud\/\" \/>\n<meta property=\"og:site_name\" content=\"HAWA\" \/>\n<meta property=\"article:modified_time\" content=\"2025-11-21T21:23:17+00:00\" \/>\n<meta property=\"og:image\" content=\"https:\/\/hawa.com.ar\/wp-content\/uploads\/2025\/11\/salud-563-300x164.png\" \/>\n<meta name=\"twitter:card\" content=\"summary_large_image\" \/>\n<meta name=\"twitter:label1\" content=\"Est. reading time\" \/>\n\t<meta name=\"twitter:data1\" content=\"5 minutes\" \/>\n<script type=\"application\/ld+json\" class=\"yoast-schema-graph\">{\"@context\":\"https:\/\/schema.org\",\"@graph\":[{\"@type\":\"WebPage\",\"@id\":\"https:\/\/hawa.com.ar\/la-salud-en-contra-de-la-salud\/\",\"url\":\"https:\/\/hawa.com.ar\/la-salud-en-contra-de-la-salud\/\",\"name\":\"Huella de Carbono: La salud en contra de la salud - HAWA\",\"isPartOf\":{\"@id\":\"https:\/\/hawa.com.ar\/#website\"},\"primaryImageOfPage\":{\"@id\":\"https:\/\/hawa.com.ar\/la-salud-en-contra-de-la-salud\/#primaryimage\"},\"image\":{\"@id\":\"https:\/\/hawa.com.ar\/la-salud-en-contra-de-la-salud\/#primaryimage\"},\"thumbnailUrl\":\"https:\/\/hawa.com.ar\/wp-content\/uploads\/2025\/11\/salud-563-300x164.png\",\"datePublished\":\"2025-11-21T21:10:05+00:00\",\"dateModified\":\"2025-11-21T21:23:17+00:00\",\"breadcrumb\":{\"@id\":\"https:\/\/hawa.com.ar\/la-salud-en-contra-de-la-salud\/#breadcrumb\"},\"inLanguage\":\"en-US\",\"potentialAction\":[{\"@type\":\"ReadAction\",\"target\":[\"https:\/\/hawa.com.ar\/la-salud-en-contra-de-la-salud\/\"]}]},{\"@type\":\"ImageObject\",\"inLanguage\":\"en-US\",\"@id\":\"https:\/\/hawa.com.ar\/la-salud-en-contra-de-la-salud\/#primaryimage\",\"url\":\"https:\/\/hawa.com.ar\/wp-content\/uploads\/2025\/11\/salud-563-300x164.png\",\"contentUrl\":\"https:\/\/hawa.com.ar\/wp-content\/uploads\/2025\/11\/salud-563-300x164.png\"},{\"@type\":\"BreadcrumbList\",\"@id\":\"https:\/\/hawa.com.ar\/la-salud-en-contra-de-la-salud\/#breadcrumb\",\"itemListElement\":[{\"@type\":\"ListItem\",\"position\":1,\"name\":\"Portada\",\"item\":\"https:\/\/hawa.com.ar\/\"},{\"@type\":\"ListItem\",\"position\":2,\"name\":\"Huella de Carbono: La salud en contra de la salud\"}]},{\"@type\":\"WebSite\",\"@id\":\"https:\/\/hawa.com.ar\/#website\",\"url\":\"https:\/\/hawa.com.ar\/\",\"name\":\"HAWA\",\"description\":\"Analizamos tu huella de carbono y te brindamos herramientas para minimizarla y compensar.\",\"publisher\":{\"@id\":\"https:\/\/hawa.com.ar\/#organization\"},\"alternateName\":\"Consultora ambiental\",\"potentialAction\":[{\"@type\":\"SearchAction\",\"target\":{\"@type\":\"EntryPoint\",\"urlTemplate\":\"https:\/\/hawa.com.ar\/?s={search_term_string}\"},\"query-input\":{\"@type\":\"PropertyValueSpecification\",\"valueRequired\":true,\"valueName\":\"search_term_string\"}}],\"inLanguage\":\"en-US\"},{\"@type\":\"Organization\",\"@id\":\"https:\/\/hawa.com.ar\/#organization\",\"name\":\"HAWA Consultora ambiental\",\"alternateName\":\"Consultora ambiental\",\"url\":\"https:\/\/hawa.com.ar\/\",\"logo\":{\"@type\":\"ImageObject\",\"inLanguage\":\"en-US\",\"@id\":\"https:\/\/hawa.com.ar\/#\/schema\/logo\/image\/\",\"url\":\"https:\/\/hawa.com.ar\/wp-content\/uploads\/2023\/06\/1-e1743913746981.png\",\"contentUrl\":\"https:\/\/hawa.com.ar\/wp-content\/uploads\/2023\/06\/1-e1743913746981.png\",\"width\":724,\"height\":311,\"caption\":\"HAWA Consultora ambiental\"},\"image\":{\"@id\":\"https:\/\/hawa.com.ar\/#\/schema\/logo\/image\/\"}}]}<\/script>\n<!-- \/ Yoast SEO plugin. -->","yoast_head_json":{"title":"Huella de Carbono: La salud en contra de la salud - HAWA","robots":{"index":"index","follow":"follow","max-snippet":"max-snippet:-1","max-image-preview":"max-image-preview:large","max-video-preview":"max-video-preview:-1"},"canonical":"https:\/\/hawa.com.ar\/en\/la-salud-en-contra-de-la-salud\/","og_locale":"en_US","og_type":"article","og_title":"Huella de Carbono: La salud en contra de la salud - HAWA","og_description":"Huella de carbono: La salud en contra de la salud Ciertamente, asociar al sector salud o a los sistemas de salud con el cambio clim\u00e1tico, no parecer\u00eda tener mucho sentido. Sin embargo, as\u00ed como sucede con la mayor\u00eda de las actividades humanas, las vinculadas con la salud tambi\u00e9n producen un impacto negativo en el ambiente. [&hellip;]","og_url":"https:\/\/hawa.com.ar\/en\/la-salud-en-contra-de-la-salud\/","og_site_name":"HAWA","article_modified_time":"2025-11-21T21:23:17+00:00","og_image":[{"url":"https:\/\/hawa.com.ar\/wp-content\/uploads\/2025\/11\/salud-563-300x164.png","type":"","width":"","height":""}],"twitter_card":"summary_large_image","twitter_misc":{"Est. reading time":"5 minutes"},"schema":{"@context":"https:\/\/schema.org","@graph":[{"@type":"WebPage","@id":"https:\/\/hawa.com.ar\/la-salud-en-contra-de-la-salud\/","url":"https:\/\/hawa.com.ar\/la-salud-en-contra-de-la-salud\/","name":"Huella de Carbono: La salud en contra de la salud - HAWA","isPartOf":{"@id":"https:\/\/hawa.com.ar\/#website"},"primaryImageOfPage":{"@id":"https:\/\/hawa.com.ar\/la-salud-en-contra-de-la-salud\/#primaryimage"},"image":{"@id":"https:\/\/hawa.com.ar\/la-salud-en-contra-de-la-salud\/#primaryimage"},"thumbnailUrl":"https:\/\/hawa.com.ar\/wp-content\/uploads\/2025\/11\/salud-563-300x164.png","datePublished":"2025-11-21T21:10:05+00:00","dateModified":"2025-11-21T21:23:17+00:00","breadcrumb":{"@id":"https:\/\/hawa.com.ar\/la-salud-en-contra-de-la-salud\/#breadcrumb"},"inLanguage":"en-US","potentialAction":[{"@type":"ReadAction","target":["https:\/\/hawa.com.ar\/la-salud-en-contra-de-la-salud\/"]}]},{"@type":"ImageObject","inLanguage":"en-US","@id":"https:\/\/hawa.com.ar\/la-salud-en-contra-de-la-salud\/#primaryimage","url":"https:\/\/hawa.com.ar\/wp-content\/uploads\/2025\/11\/salud-563-300x164.png","contentUrl":"https:\/\/hawa.com.ar\/wp-content\/uploads\/2025\/11\/salud-563-300x164.png"},{"@type":"BreadcrumbList","@id":"https:\/\/hawa.com.ar\/la-salud-en-contra-de-la-salud\/#breadcrumb","itemListElement":[{"@type":"ListItem","position":1,"name":"Portada","item":"https:\/\/hawa.com.ar\/"},{"@type":"ListItem","position":2,"name":"Huella de Carbono: La salud en contra de la salud"}]},{"@type":"WebSite","@id":"https:\/\/hawa.com.ar\/#website","url":"https:\/\/hawa.com.ar\/","name":"HAWA","description":"We analyze your carbon footprint and provide you with tools to minimize and offset it.","publisher":{"@id":"https:\/\/hawa.com.ar\/#organization"},"alternateName":"Consultora ambiental","potentialAction":[{"@type":"SearchAction","target":{"@type":"EntryPoint","urlTemplate":"https:\/\/hawa.com.ar\/?s={search_term_string}"},"query-input":{"@type":"PropertyValueSpecification","valueRequired":true,"valueName":"search_term_string"}}],"inLanguage":"en-US"},{"@type":"Organization","@id":"https:\/\/hawa.com.ar\/#organization","name":"HAWA Consultora ambiental","alternateName":"Consultora ambiental","url":"https:\/\/hawa.com.ar\/","logo":{"@type":"ImageObject","inLanguage":"en-US","@id":"https:\/\/hawa.com.ar\/#\/schema\/logo\/image\/","url":"https:\/\/hawa.com.ar\/wp-content\/uploads\/2023\/06\/1-e1743913746981.png","contentUrl":"https:\/\/hawa.com.ar\/wp-content\/uploads\/2023\/06\/1-e1743913746981.png","width":724,"height":311,"caption":"HAWA Consultora ambiental"},"image":{"@id":"https:\/\/hawa.com.ar\/#\/schema\/logo\/image\/"}}]}},"_links":{"self":[{"href":"https:\/\/hawa.com.ar\/en\/wp-json\/wp\/v2\/pages\/4472","targetHints":{"allow":["GET"]}}],"collection":[{"href":"https:\/\/hawa.com.ar\/en\/wp-json\/wp\/v2\/pages"}],"about":[{"href":"https:\/\/hawa.com.ar\/en\/wp-json\/wp\/v2\/types\/page"}],"author":[{"embeddable":true,"href":"https:\/\/hawa.com.ar\/en\/wp-json\/wp\/v2\/users\/1"}],"replies":[{"embeddable":true,"href":"https:\/\/hawa.com.ar\/en\/wp-json\/wp\/v2\/comments?post=4472"}],"version-history":[{"count":7,"href":"https:\/\/hawa.com.ar\/en\/wp-json\/wp\/v2\/pages\/4472\/revisions"}],"predecessor-version":[{"id":4481,"href":"https:\/\/hawa.com.ar\/en\/wp-json\/wp\/v2\/pages\/4472\/revisions\/4481"}],"wp:attachment":[{"href":"https:\/\/hawa.com.ar\/en\/wp-json\/wp\/v2\/media?parent=4472"}],"curies":[{"name":"wp","href":"https:\/\/api.w.org\/{rel}","templated":true}]}}