{"id":4782,"date":"2026-02-03T17:54:30","date_gmt":"2026-02-03T17:54:30","guid":{"rendered":"https:\/\/hawa.com.ar\/?page_id=4782"},"modified":"2026-02-03T19:11:13","modified_gmt":"2026-02-03T19:11:13","slug":"servicios-de-consultoria-ambiental-en-argentina-y-latinoamerica","status":"publish","type":"page","link":"https:\/\/hawa.com.ar\/en\/servicios-de-consultoria-ambiental-en-argentina-y-latinoamerica\/","title":{"rendered":"Servicios de Consultor\u00eda Ambiental en Argentina y Latinoam\u00e9rica"},"content":{"rendered":"<div data-elementor-type=\"wp-page\" data-elementor-id=\"4782\" class=\"elementor elementor-4782\" data-elementor-post-type=\"page\">\n\t\t\t\t<div class=\"elementor-element elementor-element-b76d6fd e-flex e-con-boxed e-con e-parent\" data-id=\"b76d6fd\" data-element_type=\"container\" data-e-type=\"container\">\n\t\t\t\t\t<div class=\"e-con-inner\">\n\t\t\t\t<div class=\"elementor-element elementor-element-740be5a elementor-widget elementor-widget-heading\" data-id=\"740be5a\" data-element_type=\"widget\" data-e-type=\"widget\" data-widget_type=\"heading.default\">\n\t\t\t\t<div class=\"elementor-widget-container\">\n\t\t\t\t\t<h1 class=\"elementor-heading-title elementor-size-default\">Especialistas en Huella de Carbono, Econom\u00eda Circular y Gesti\u00f3n Sustentable<\/h1>\t\t\t\t<\/div>\n\t\t\t\t<\/div>\n\t\t\t\t\t<\/div>\n\t\t\t\t<\/div>\n\t\t<div class=\"elementor-element elementor-element-078beee e-flex e-con-boxed e-con e-parent\" data-id=\"078beee\" data-element_type=\"container\" data-e-type=\"container\">\n\t\t\t\t\t<div class=\"e-con-inner\">\n\t\t\t\t<div class=\"elementor-element elementor-element-dfb5932 elementor-widget elementor-widget-heading\" data-id=\"dfb5932\" data-element_type=\"widget\" data-e-type=\"widget\" data-widget_type=\"heading.default\">\n\t\t\t\t<div class=\"elementor-widget-container\">\n\t\t\t\t\t<h3 class=\"elementor-heading-title elementor-size-default\">Expertos en transformar el impacto ambiental en valor estrat\u00e9gico.<\/h3>\t\t\t\t<\/div>\n\t\t\t\t<\/div>\n\t\t\t\t\t<\/div>\n\t\t\t\t<\/div>\n\t\t<div class=\"elementor-element elementor-element-20f21fa e-flex e-con-boxed e-con e-parent\" data-id=\"20f21fa\" data-element_type=\"container\" data-e-type=\"container\">\n\t\t\t\t\t<div class=\"e-con-inner\">\n\t\t\t\t<div class=\"elementor-element elementor-element-bff3140 elementor-widget elementor-widget-text-editor\" data-id=\"bff3140\" data-element_type=\"widget\" data-e-type=\"widget\" data-widget_type=\"text-editor.default\">\n\t\t\t\t<div class=\"elementor-widget-container\">\n\t\t\t\t\t\t\t\t\t<p>En HAWA, acompa\u00f1amos a pymes y organizaciones en la transici\u00f3n hacia modelos de producci\u00f3n responsables. Nuestro equipo interdisciplinario, liderado por especialistas con m\u00e1s de <b>30 a\u00f1os de trayectoria internacional en Argentina y Am\u00e9rica Latina, <\/b>fusiona el conocimiento cient\u00edfico con la gesti\u00f3n operativa para garantizar el cumplimiento de normativas y la optimizaci\u00f3n de recursos.<\/p>\t\t\t\t\t\t\t\t<\/div>\n\t\t\t\t<\/div>\n\t\t\t\t\t<\/div>\n\t\t\t\t<\/div>\n\t\t<div class=\"elementor-element elementor-element-f74431f e-flex e-con-boxed e-con e-parent\" data-id=\"f74431f\" data-element_type=\"container\" data-e-type=\"container\">\n\t\t\t\t\t<div class=\"e-con-inner\">\n\t\t\t\t<div class=\"elementor-element elementor-element-2e9faef elementor-widget elementor-widget-heading\" data-id=\"2e9faef\" data-element_type=\"widget\" data-e-type=\"widget\" data-widget_type=\"heading.default\">\n\t\t\t\t<div class=\"elementor-widget-container\">\n\t\t\t\t\t<h3 class=\"elementor-heading-title elementor-size-default\">Nuestros servicios clave incluyen:<\/h3>\t\t\t\t<\/div>\n\t\t\t\t<\/div>\n\t\t\t\t\t<\/div>\n\t\t\t\t<\/div>\n\t\t<div class=\"elementor-element elementor-element-e5c8ac3 e-flex e-con-boxed e-con e-parent\" data-id=\"e5c8ac3\" data-element_type=\"container\" data-e-type=\"container\">\n\t\t\t\t\t<div class=\"e-con-inner\">\n\t\t<div class=\"elementor-element elementor-element-2116207 e-con-full e-flex e-con e-child\" data-id=\"2116207\" data-element_type=\"container\" data-e-type=\"container\">\n\t\t\t\t<div class=\"elementor-element elementor-element-dbd4c50 elementor-widget elementor-widget-text-editor\" data-id=\"dbd4c50\" data-element_type=\"widget\" data-e-type=\"widget\" data-widget_type=\"text-editor.default\">\n\t\t\t\t<div class=\"elementor-widget-container\">\n\t\t\t\t\t\t\t\t\t<p><b>\u00a0Gesti\u00f3n de Huella de Carbono<\/b>: An\u00e1lisis, medici\u00f3n y estrategias de compensaci\u00f3n para descarbonizar su cadena de valor.<\/p>\t\t\t\t\t\t\t\t<\/div>\n\t\t\t\t<\/div>\n\t\t\t\t<\/div>\n\t\t<div class=\"elementor-element elementor-element-72425d6 e-con-full e-flex e-con e-child\" data-id=\"72425d6\" data-element_type=\"container\" data-e-type=\"container\" data-settings=\"{&quot;background_background&quot;:&quot;classic&quot;}\">\n\t\t\t\t<div class=\"elementor-element elementor-element-1bd7b00 elementor-widget elementor-widget-text-editor\" data-id=\"1bd7b00\" data-element_type=\"widget\" data-e-type=\"widget\" data-widget_type=\"text-editor.default\">\n\t\t\t\t<div class=\"elementor-widget-container\">\n\t\t\t\t\t\t\t\t\t<p><strong>Consultor\u00eda en Econom\u00eda Circular:<\/strong><br \/>Dise\u00f1o de procesos que minimizan residuos y maximizan la eficiencia productiva.<\/p>\t\t\t\t\t\t\t\t<\/div>\n\t\t\t\t<\/div>\n\t\t\t\t<\/div>\n\t\t<div class=\"elementor-element elementor-element-c7a042f e-con-full e-flex e-con e-child\" data-id=\"c7a042f\" data-element_type=\"container\" data-e-type=\"container\" data-settings=\"{&quot;background_background&quot;:&quot;classic&quot;}\">\n\t\t\t\t<div class=\"elementor-element elementor-element-1147ad4 elementor-widget elementor-widget-text-editor\" data-id=\"1147ad4\" data-element_type=\"widget\" data-e-type=\"widget\" data-widget_type=\"text-editor.default\">\n\t\t\t\t<div class=\"elementor-widget-container\">\n\t\t\t\t\t\t\t\t\t<p><strong>Asesoramiento Normativo:<\/strong> Elaboraci\u00f3n de informes de impacto ambiental y gesti\u00f3n de tr\u00e1mites ante organismos gubernamentales en Argentina y Latinoam\u00e9rica.<\/p>\t\t\t\t\t\t\t\t<\/div>\n\t\t\t\t<\/div>\n\t\t\t\t<\/div>\n\t\t\t\t\t<\/div>\n\t\t\t\t<\/div>\n\t\t<div class=\"elementor-element elementor-element-1595ed7 e-flex e-con-boxed e-con e-parent\" data-id=\"1595ed7\" data-element_type=\"container\" data-e-type=\"container\">\n\t\t\t\t\t<div class=\"e-con-inner\">\n\t\t\t\t<div class=\"elementor-element elementor-element-2333888 elementor-align-center elementor-widget elementor-widget-elementskit-button\" data-id=\"2333888\" data-element_type=\"widget\" data-e-type=\"widget\" data-widget_type=\"elementskit-button.default\">\n\t\t\t\t<div class=\"elementor-widget-container\">\n\t\t\t\t\t<div class=\"ekit-wid-con\" >\t\t<div class=\"ekit-btn-wraper\">\n\t\t\t\t\t\t\t<a href=\"#contacto\" class=\"elementskit-btn  whitespace--normal\" id=\"\">\n\t\t\t\t\tSolicitar Asesoramiento T\u00e9cnico Especializado\t\t\t\t<\/a>\n\t\t\t\t\t<\/div>\n        <\/div>\t\t\t\t<\/div>\n\t\t\t\t<\/div>\n\t\t\t\t\t<\/div>\n\t\t\t\t<\/div>\n\t\t\t\t<\/div>","protected":false},"excerpt":{"rendered":"<p>Especialistas en Huella de Carbono, Econom\u00eda Circular y Gesti\u00f3n Sustentable Expertos en transformar el impacto ambiental en valor estrat\u00e9gico. En HAWA, acompa\u00f1amos a pymes y organizaciones en la transici\u00f3n hacia modelos de producci\u00f3n responsables. Nuestro equipo interdisciplinario, liderado por especialistas con m\u00e1s de 30 a\u00f1os de trayectoria internacional en Argentina y Am\u00e9rica Latina, fusiona el [&hellip;]<\/p>\n<div class=\"pvc_clear\"><\/div>\n<p id=\"pvc_stats_4782\" class=\"pvc_stats all\" data-element-id=\"4782\" style=\"\"><i class=\"pvc-stats-icon small\" aria-hidden=\"true\"><svg aria-hidden=\"true\" focusable=\"false\" data-prefix=\"far\" data-icon=\"chart-bar\" role=\"img\" xmlns=\"http:\/\/www.w3.org\/2000\/svg\" viewbox=\"0 0 512 512\" class=\"svg-inline--fa fa-chart-bar fa-w-16 fa-2x\"><path fill=\"currentColor\" d=\"M396.8 352h22.4c6.4 0 12.8-6.4 12.8-12.8V108.8c0-6.4-6.4-12.8-12.8-12.8h-22.4c-6.4 0-12.8 6.4-12.8 12.8v230.4c0 6.4 6.4 12.8 12.8 12.8zm-192 0h22.4c6.4 0 12.8-6.4 12.8-12.8V140.8c0-6.4-6.4-12.8-12.8-12.8h-22.4c-6.4 0-12.8 6.4-12.8 12.8v198.4c0 6.4 6.4 12.8 12.8 12.8zm96 0h22.4c6.4 0 12.8-6.4 12.8-12.8V204.8c0-6.4-6.4-12.8-12.8-12.8h-22.4c-6.4 0-12.8 6.4-12.8 12.8v134.4c0 6.4 6.4 12.8 12.8 12.8zM496 400H48V80c0-8.84-7.16-16-16-16H16C7.16 64 0 71.16 0 80v336c0 17.67 14.33 32 32 32h464c8.84 0 16-7.16 16-16v-16c0-8.84-7.16-16-16-16zm-387.2-48h22.4c6.4 0 12.8-6.4 12.8-12.8v-70.4c0-6.4-6.4-12.8-12.8-12.8h-22.4c-6.4 0-12.8 6.4-12.8 12.8v70.4c0 6.4 6.4 12.8 12.8 12.8z\" class=\"\"><\/path><\/svg><\/i> <img decoding=\"async\" width=\"16\" height=\"16\" alt=\"Loading\" src=\"https:\/\/hawa.com.ar\/wp-content\/plugins\/page-views-count\/ajax-loader-2x.gif\" border=\"0\" \/><\/p>\n<div class=\"pvc_clear\"><\/div>","protected":false},"author":3,"featured_media":0,"parent":0,"menu_order":0,"comment_status":"closed","ping_status":"closed","template":"","meta":{"footnotes":""},"class_list":["post-4782","page","type-page","status-publish","hentry"],"a3_pvc":{"activated":true,"total_views":0,"today_views":0},"yoast_head":"<!-- This site is optimized with the Yoast SEO plugin v25.3.1 - https:\/\/yoast.com\/wordpress\/plugins\/seo\/ -->\n<title>Servicios de Consultor\u00eda Ambiental en Argentina y Latinoam\u00e9rica - HAWA<\/title>\n<meta name=\"description\" content=\"Expertos en gesti\u00f3n ambiental con 30 a\u00f1os de trayectoria. Servicios especializados en Huella de Carbono, Econom\u00eda Circular y Normativas en Argentina y Latinoam\u00e9rica.\" \/>\n<meta name=\"robots\" content=\"index, follow, max-snippet:-1, max-image-preview:large, max-video-preview:-1\" \/>\n<link rel=\"canonical\" href=\"https:\/\/hawa.com.ar\/en\/servicios-de-consultoria-ambiental-en-argentina-y-latinoamerica\/\" \/>\n<meta property=\"og:locale\" content=\"en_US\" \/>\n<meta property=\"og:type\" content=\"article\" \/>\n<meta property=\"og:title\" content=\"Servicios de Consultor\u00eda Ambiental en Argentina y Latinoam\u00e9rica - HAWA\" \/>\n<meta property=\"og:description\" content=\"Expertos en gesti\u00f3n ambiental con 30 a\u00f1os de trayectoria. Servicios especializados en Huella de Carbono, Econom\u00eda Circular y Normativas en Argentina y Latinoam\u00e9rica.\" \/>\n<meta property=\"og:url\" content=\"https:\/\/hawa.com.ar\/en\/servicios-de-consultoria-ambiental-en-argentina-y-latinoamerica\/\" \/>\n<meta property=\"og:site_name\" content=\"HAWA\" \/>\n<meta property=\"article:modified_time\" content=\"2026-02-03T19:11:13+00:00\" \/>\n<meta property=\"og:image\" content=\"https:\/\/hawa.com.ar\/wp-content\/uploads\/2023\/06\/1-e1743913746981.png\" \/>\n\t<meta property=\"og:image:width\" content=\"724\" \/>\n\t<meta property=\"og:image:height\" content=\"311\" \/>\n\t<meta property=\"og:image:type\" content=\"image\/png\" \/>\n<meta name=\"twitter:card\" content=\"summary_large_image\" \/>\n<meta name=\"twitter:label1\" content=\"Est. reading time\" \/>\n\t<meta name=\"twitter:data1\" content=\"1 minute\" \/>\n<script type=\"application\/ld+json\" class=\"yoast-schema-graph\">{\"@context\":\"https:\/\/schema.org\",\"@graph\":[{\"@type\":\"WebPage\",\"@id\":\"https:\/\/hawa.com.ar\/servicios-de-consultoria-ambiental-en-argentina-y-latinoamerica\/\",\"url\":\"https:\/\/hawa.com.ar\/servicios-de-consultoria-ambiental-en-argentina-y-latinoamerica\/\",\"name\":\"Servicios de Consultor\u00eda Ambiental en Argentina y Latinoam\u00e9rica - HAWA\",\"isPartOf\":{\"@id\":\"https:\/\/hawa.com.ar\/#website\"},\"datePublished\":\"2026-02-03T17:54:30+00:00\",\"dateModified\":\"2026-02-03T19:11:13+00:00\",\"description\":\"Expertos en gesti\u00f3n ambiental con 30 a\u00f1os de trayectoria. Servicios especializados en Huella de Carbono, Econom\u00eda Circular y Normativas en Argentina y Latinoam\u00e9rica.\",\"breadcrumb\":{\"@id\":\"https:\/\/hawa.com.ar\/servicios-de-consultoria-ambiental-en-argentina-y-latinoamerica\/#breadcrumb\"},\"inLanguage\":\"en-US\",\"potentialAction\":[{\"@type\":\"ReadAction\",\"target\":[\"https:\/\/hawa.com.ar\/servicios-de-consultoria-ambiental-en-argentina-y-latinoamerica\/\"]}]},{\"@type\":\"BreadcrumbList\",\"@id\":\"https:\/\/hawa.com.ar\/servicios-de-consultoria-ambiental-en-argentina-y-latinoamerica\/#breadcrumb\",\"itemListElement\":[{\"@type\":\"ListItem\",\"position\":1,\"name\":\"Portada\",\"item\":\"https:\/\/hawa.com.ar\/\"},{\"@type\":\"ListItem\",\"position\":2,\"name\":\"Servicios de Consultor\u00eda Ambiental en Argentina y Latinoam\u00e9rica\"}]},{\"@type\":\"WebSite\",\"@id\":\"https:\/\/hawa.com.ar\/#website\",\"url\":\"https:\/\/hawa.com.ar\/\",\"name\":\"HAWA\",\"description\":\"Analizamos tu huella de carbono y te brindamos herramientas para minimizarla y compensar.\",\"publisher\":{\"@id\":\"https:\/\/hawa.com.ar\/#organization\"},\"alternateName\":\"Consultora ambiental\",\"potentialAction\":[{\"@type\":\"SearchAction\",\"target\":{\"@type\":\"EntryPoint\",\"urlTemplate\":\"https:\/\/hawa.com.ar\/?s={search_term_string}\"},\"query-input\":{\"@type\":\"PropertyValueSpecification\",\"valueRequired\":true,\"valueName\":\"search_term_string\"}}],\"inLanguage\":\"en-US\"},{\"@type\":\"Organization\",\"@id\":\"https:\/\/hawa.com.ar\/#organization\",\"name\":\"HAWA Consultora ambiental\",\"alternateName\":\"Consultora ambiental\",\"url\":\"https:\/\/hawa.com.ar\/\",\"logo\":{\"@type\":\"ImageObject\",\"inLanguage\":\"en-US\",\"@id\":\"https:\/\/hawa.com.ar\/#\/schema\/logo\/image\/\",\"url\":\"https:\/\/hawa.com.ar\/wp-content\/uploads\/2023\/06\/1-e1743913746981.png\",\"contentUrl\":\"https:\/\/hawa.com.ar\/wp-content\/uploads\/2023\/06\/1-e1743913746981.png\",\"width\":724,\"height\":311,\"caption\":\"HAWA Consultora ambiental\"},\"image\":{\"@id\":\"https:\/\/hawa.com.ar\/#\/schema\/logo\/image\/\"}}]}<\/script>\n<!-- \/ Yoast SEO plugin. -->","yoast_head_json":{"title":"Servicios de Consultor\u00eda Ambiental en Argentina y Latinoam\u00e9rica - HAWA","description":"Expertos en gesti\u00f3n ambiental con 30 a\u00f1os de trayectoria. Servicios especializados en Huella de Carbono, Econom\u00eda Circular y Normativas en Argentina y Latinoam\u00e9rica.","robots":{"index":"index","follow":"follow","max-snippet":"max-snippet:-1","max-image-preview":"max-image-preview:large","max-video-preview":"max-video-preview:-1"},"canonical":"https:\/\/hawa.com.ar\/en\/servicios-de-consultoria-ambiental-en-argentina-y-latinoamerica\/","og_locale":"en_US","og_type":"article","og_title":"Servicios de Consultor\u00eda Ambiental en Argentina y Latinoam\u00e9rica - HAWA","og_description":"Expertos en gesti\u00f3n ambiental con 30 a\u00f1os de trayectoria. Servicios especializados en Huella de Carbono, Econom\u00eda Circular y Normativas en Argentina y Latinoam\u00e9rica.","og_url":"https:\/\/hawa.com.ar\/en\/servicios-de-consultoria-ambiental-en-argentina-y-latinoamerica\/","og_site_name":"HAWA","article_modified_time":"2026-02-03T19:11:13+00:00","og_image":[{"width":724,"height":311,"url":"https:\/\/hawa.com.ar\/wp-content\/uploads\/2023\/06\/1-e1743913746981.png","type":"image\/png"}],"twitter_card":"summary_large_image","twitter_misc":{"Est. reading time":"1 minute"},"schema":{"@context":"https:\/\/schema.org","@graph":[{"@type":"WebPage","@id":"https:\/\/hawa.com.ar\/servicios-de-consultoria-ambiental-en-argentina-y-latinoamerica\/","url":"https:\/\/hawa.com.ar\/servicios-de-consultoria-ambiental-en-argentina-y-latinoamerica\/","name":"Servicios de Consultor\u00eda Ambiental en Argentina y Latinoam\u00e9rica - HAWA","isPartOf":{"@id":"https:\/\/hawa.com.ar\/#website"},"datePublished":"2026-02-03T17:54:30+00:00","dateModified":"2026-02-03T19:11:13+00:00","description":"Expertos en gesti\u00f3n ambiental con 30 a\u00f1os de trayectoria. Servicios especializados en Huella de Carbono, Econom\u00eda Circular y Normativas en Argentina y Latinoam\u00e9rica.","breadcrumb":{"@id":"https:\/\/hawa.com.ar\/servicios-de-consultoria-ambiental-en-argentina-y-latinoamerica\/#breadcrumb"},"inLanguage":"en-US","potentialAction":[{"@type":"ReadAction","target":["https:\/\/hawa.com.ar\/servicios-de-consultoria-ambiental-en-argentina-y-latinoamerica\/"]}]},{"@type":"BreadcrumbList","@id":"https:\/\/hawa.com.ar\/servicios-de-consultoria-ambiental-en-argentina-y-latinoamerica\/#breadcrumb","itemListElement":[{"@type":"ListItem","position":1,"name":"Portada","item":"https:\/\/hawa.com.ar\/"},{"@type":"ListItem","position":2,"name":"Servicios de Consultor\u00eda Ambiental en Argentina y Latinoam\u00e9rica"}]},{"@type":"WebSite","@id":"https:\/\/hawa.com.ar\/#website","url":"https:\/\/hawa.com.ar\/","name":"HAWA","description":"We analyze your carbon footprint and provide you with tools to minimize and offset it.","publisher":{"@id":"https:\/\/hawa.com.ar\/#organization"},"alternateName":"Consultora ambiental","potentialAction":[{"@type":"SearchAction","target":{"@type":"EntryPoint","urlTemplate":"https:\/\/hawa.com.ar\/?s={search_term_string}"},"query-input":{"@type":"PropertyValueSpecification","valueRequired":true,"valueName":"search_term_string"}}],"inLanguage":"en-US"},{"@type":"Organization","@id":"https:\/\/hawa.com.ar\/#organization","name":"HAWA Consultora ambiental","alternateName":"Consultora ambiental","url":"https:\/\/hawa.com.ar\/","logo":{"@type":"ImageObject","inLanguage":"en-US","@id":"https:\/\/hawa.com.ar\/#\/schema\/logo\/image\/","url":"https:\/\/hawa.com.ar\/wp-content\/uploads\/2023\/06\/1-e1743913746981.png","contentUrl":"https:\/\/hawa.com.ar\/wp-content\/uploads\/2023\/06\/1-e1743913746981.png","width":724,"height":311,"caption":"HAWA Consultora ambiental"},"image":{"@id":"https:\/\/hawa.com.ar\/#\/schema\/logo\/image\/"}}]}},"_links":{"self":[{"href":"https:\/\/hawa.com.ar\/en\/wp-json\/wp\/v2\/pages\/4782","targetHints":{"allow":["GET"]}}],"collection":[{"href":"https:\/\/hawa.com.ar\/en\/wp-json\/wp\/v2\/pages"}],"about":[{"href":"https:\/\/hawa.com.ar\/en\/wp-json\/wp\/v2\/types\/page"}],"author":[{"embeddable":true,"href":"https:\/\/hawa.com.ar\/en\/wp-json\/wp\/v2\/users\/3"}],"replies":[{"embeddable":true,"href":"https:\/\/hawa.com.ar\/en\/wp-json\/wp\/v2\/comments?post=4782"}],"version-history":[{"count":23,"href":"https:\/\/hawa.com.ar\/en\/wp-json\/wp\/v2\/pages\/4782\/revisions"}],"predecessor-version":[{"id":4809,"href":"https:\/\/hawa.com.ar\/en\/wp-json\/wp\/v2\/pages\/4782\/revisions\/4809"}],"wp:attachment":[{"href":"https:\/\/hawa.com.ar\/en\/wp-json\/wp\/v2\/media?parent=4782"}],"curies":[{"name":"wp","href":"https:\/\/api.w.org\/{rel}","templated":true}]}}