{"id":4403,"date":"2025-11-20T23:42:41","date_gmt":"2025-11-20T23:42:41","guid":{"rendered":"https:\/\/hawa.com.ar\/?page_id=4403"},"modified":"2025-11-21T00:27:22","modified_gmt":"2025-11-21T00:27:22","slug":"efecto_invernadero-2","status":"publish","type":"page","link":"https:\/\/hawa.com.ar\/pt\/efecto_invernadero-2\/","title":{"rendered":"efecto_invernadero #2"},"content":{"rendered":"<div data-elementor-type=\"wp-page\" data-elementor-id=\"4403\" class=\"elementor elementor-4403\" data-elementor-post-type=\"page\">\n\t\t\t\t\t\t<div class=\"elementor-section elementor-top-section elementor-element elementor-element-5d25d00b elementor-section-full_width elementor-section-height-default elementor-section-height-default\" data-id=\"5d25d00b\" data-element_type=\"section\" data-e-type=\"section\" data-settings=\"{&quot;background_background&quot;:&quot;classic&quot;,&quot;animation_mobile&quot;:&quot;bounce&quot;}\">\n\t\t\t\t\t\t<div class=\"elementor-container elementor-column-gap-default\">\n\t\t\t\t\t<div class=\"elementor-column elementor-col-100 elementor-top-column elementor-element elementor-element-286adfe6\" data-id=\"286adfe6\" data-element_type=\"column\" data-e-type=\"column\">\n\t\t\t<div class=\"elementor-widget-wrap elementor-element-populated\">\n\t\t\t\t\t\t<div class=\"elementor-element elementor-element-22a5432 elementor-widget elementor-widget-heading\" data-id=\"22a5432\" data-element_type=\"widget\" data-e-type=\"widget\" data-widget_type=\"heading.default\">\n\t\t\t\t<div class=\"elementor-widget-container\">\n\t\t\t\t\t<p class=\"elementor-heading-title elementor-size-default\"><span style=\"font-size: 33.18px\">Descripci\u00f3n general de<\/span><br><span style=\"font-size: 33.18px\">los gases de efecto invernadero\n<\/span><\/p>\t\t\t\t<\/div>\n\t\t\t\t<\/div>\n\t\t\t\t<div class=\"elementor-element elementor-element-7db99638 elementor-widget elementor-widget-text-editor\" data-id=\"7db99638\" data-element_type=\"widget\" data-e-type=\"widget\" data-widget_type=\"text-editor.default\">\n\t\t\t\t<div class=\"elementor-widget-container\">\n\t\t\t\t\t\t\t\t\t<p>Os gases que ret\u00eam calor na atmosfera s\u00e3o chamados de gases de efeito estufa. Esta se\u00e7\u00e3o fornece informa\u00e7\u00f5es sobre as emiss\u00f5es e os m\u00e9todos de remo\u00e7\u00e3o dos principais gases de efeito estufa para dentro e para fora da atmosfera.<\/p><p><i>Nota: La mayor\u00eda de los enlaces en estas p\u00e1ginas le llevar\u00e1n a p\u00e1ginas web en ingl\u00e9s.<br \/><\/i><\/p><ul><li><a href=\"https:\/\/espanol.epa.gov\/la-energia-y-el-medioambiente\/emisiones-de-dioxido-de-carbono\">Di\u00f3xido de carbono (CO\u2981 2\u2981 )<\/a>: El di\u00f3xido de carbono ingresa a la atm\u00f3sfera a trav\u00e9s de la quema de combustibles f\u00f3siles (carb\u00f3n, gas natural y petr\u00f3leo), residuos s\u00f3lidos, \u00e1rboles y otros materiales biol\u00f3gicos; y tambi\u00e9n como resultado de ciertas reacciones qu\u00edmicas (p. ej.: fabricaci\u00f3n de cemento). El di\u00f3xido de carbono se elimina de la atm\u00f3sfera (o &#8220;secuestra&#8221;) cuando lo absorben las plantas como parte del ciclo biol\u00f3gico del carbono.<\/li><li><a href=\"https:\/\/espanol.epa.gov\/la-energia-y-el-medioambiente\/emisiones-de-metano\">Metano (CH\u2981 4\u2981 )<\/a>: El metano se emite durante la producci\u00f3n y el transporte de carb\u00f3n, gas natural y petr\u00f3leo. Tambi\u00e9n se generan emisiones de metano en pr\u00e1cticas ganaderas y otras pr\u00e1cticas agr\u00edcolas y a ra\u00edz de la descomposici\u00f3n de residuos org\u00e1nicos en rellenos sanitarios municipales para residuos s\u00f3lidos.<\/li><li><a href=\"https:\/\/espanol.epa.gov\/la-energia-y-el-medioambiente\/emisiones-de-oxido-nitroso\">\u00d3xido nitroso (N\u2981 2\u2981 O)<\/a>: El \u00f3xido nitroso se emite durante actividades agr\u00edcolas e industriales, en la combusti\u00f3n de combustibles f\u00f3siles y residuos s\u00f3lidos y tambi\u00e9n durante el tratamiento de aguas residuales.<\/li><li><a href=\"https:\/\/espanol.epa.gov\/la-energia-y-el-medioambiente\/emisiones-de-gases-fluorados\">Gases fluorados<\/a>: Los hidrofluorocarbonos, los perfluorocarbonos, el hexafluoruro de azufre y el trifluoruro de nitr\u00f3geno son gases de efecto invernadero sint\u00e9ticos y potentes que se emiten en diversos procesos industriales. En ocasiones, los gases fluorados se utilizan como sustitutos de <a href=\"https:\/\/www.epa.gov\/ozone-layer-protection\">sustancias que destruyen el ozono<\/a>\u00a0de la estrat\u00f3sfera (p. ej.: clorofluorocarbonos, hidrofluorocarbonos y halones). Estos gases habitualmente se emiten en peque\u00f1as cantidades pero, como son gases de efecto invernadero potentes, en ocasiones se les conoce como <a href=\"https:\/\/www.epa.gov\/ghgemissions\/understanding-global-warming-potentials\">gases de Alto Potencial de Calentamiento Global<\/a>\u00a0(o &#8220;Gases de GWP alto&#8221;).<\/li><\/ul><p><img fetchpriority=\"high\" decoding=\"async\" class=\"wp-image-4451 aligncenter\" src=\"https:\/\/hawa.com.ar\/wp-content\/uploads\/2025\/11\/grafico_gases_moderno-300x210.png\" alt=\"\" width=\"564\" height=\"395\" srcset=\"https:\/\/hawa.com.ar\/wp-content\/uploads\/2025\/11\/grafico_gases_moderno-300x210.png 300w, https:\/\/hawa.com.ar\/wp-content\/uploads\/2025\/11\/grafico_gases_moderno-768x538.png 768w, https:\/\/hawa.com.ar\/wp-content\/uploads\/2025\/11\/grafico_gases_moderno-18x12.png 18w, https:\/\/hawa.com.ar\/wp-content\/uploads\/2025\/11\/grafico_gases_moderno.png 1000w\" sizes=\"(max-width: 564px) 100vw, 564px\" \/><\/p><div><h5>El efecto de cada gas sobre el cambio clim\u00e1tico<br \/>depende de tres factores principales:<\/h5><h5><b><i>\u00bfCu\u00e1nto\u00a0hay en la atm\u00f3sfera?<\/i><\/b><\/h5><p>La\u00a0concentraci\u00f3n, o abundancia, es la cantidad de un gas espec\u00edfico en\u00a0el aire. Las emisiones m\u00e1s grandes de gases de efecto invernadero generan concentraciones m\u00e1s altas en la atm\u00f3sfera. Las concentraciones de gases de efecto invernadero se miden en partes por mill\u00f3n, partes por mil millones e incluso partes por mil billones. Una parte por mill\u00f3n equivale a una gota de agua diluida en aproximadamente 50 litros de l\u00edquido (vagamente el tanque de combustible de un auto compacto).<\/p><h5><i>\u00bfCu\u00e1nto tiempo\u00a0permanecen en la atm\u00f3sfera?<\/i><\/h5><p>Cada uno de estos gases puede permanecer en la atm\u00f3sfera durante diferentes per\u00edodos de tiempo, desde unos pocos a\u00f1os hasta miles de a\u00f1os. Todos estos gases permanecen en la atm\u00f3sfera el tiempo suficiente para mezclarse bien; eso significa que la cantidad que se mide en la atm\u00f3sfera es aproximadamente igual en todo el mundo, independientemente de la fuente de las emisiones.<\/p><p><i style=\"font-size: 19.2px; font-weight: 800;\">\u00bfCon qu\u00e9 fuerza\u00a0afectan a la atm\u00f3sfera?<\/i><\/p><p>Algunos gases son m\u00e1s efectivos que otros en el calentamiento del planeta\u00a0y en &#8220;espesar la manta de la Tierra&#8221;.<br \/>Para cada gas de efecto invernadero, se ha calculado un\u00a0Potencial de Calentamiento Global (Global Warming Potential, GWP)\u00a0para reflejar cu\u00e1nto tiempo permanece en la atm\u00f3sfera (en promedio) y con qu\u00e9 fuerza absorbe energ\u00eda. Los gases con un GWP m\u00e1s alto absorben m\u00e1s energ\u00eda, por kilogramo, que los que tienen un GWP m\u00e1s bajo y, por lo tanto, contribuyen m\u00e1s al calentamiento de la Tierra.<\/p><p><i>Fuente: EPA: Agencia de protecci\u00f3n ambiental de Estados Unidos<\/i><\/p><\/div><div>\u00a0<\/div>\t\t\t\t\t\t\t\t<\/div>\n\t\t\t\t<\/div>\n\t\t\t\t<div class=\"elementor-element elementor-element-51f7b053 elementor-align-center elementor-widget elementor-widget-button\" data-id=\"51f7b053\" data-element_type=\"widget\" data-e-type=\"widget\" data-widget_type=\"button.default\">\n\t\t\t\t<div class=\"elementor-widget-container\">\n\t\t\t\t\t\t\t\t\t<div class=\"elementor-button-wrapper\">\n\t\t\t\t\t<a class=\"elementor-button elementor-button-link elementor-size-sm\" href=\"https:\/\/hawa.com.ar\/pt\/\">\n\t\t\t\t\t\t<span class=\"elementor-button-content-wrapper\">\n\t\t\t\t\t\t\t\t\t<span class=\"elementor-button-text\">VOLTAR \u00c0 P\u00c1GINA INICIAL<\/span>\n\t\t\t\t\t<\/span>\n\t\t\t\t\t<\/a>\n\t\t\t\t<\/div>\n\t\t\t\t\t\t\t\t<\/div>\n\t\t\t\t<\/div>\n\t\t\t\t<div class=\"elementor-element elementor-element-28e3663 elementor-widget__width-inherit elementor-fixed elementor-widget elementor-widget-elementskit-back-to-top\" data-id=\"28e3663\" data-element_type=\"widget\" data-e-type=\"widget\" data-settings=\"{&quot;_position&quot;:&quot;fixed&quot;}\" data-widget_type=\"elementskit-back-to-top.default\">\n\t\t\t\t<div class=\"elementor-widget-container\">\n\t\t\t\t\t<div class=\"ekit-wid-con\" >\t\t\t<div class=\"ekit-back-to-top-container ekit-btt icon_only\" data-settings=\"{&quot;offset_top&quot;:0,&quot;show_after&quot;:0,&quot;show_scroll&quot;:&quot;yes&quot;,&quot;style&quot;:&quot;icon_only&quot;,&quot;foreground&quot;:null,&quot;background&quot;:null}\"> \n\t\t\t\t<span class=\"ekit-btt__button yes\">\n\t\t\t\t\t<i aria-hidden=\"true\" class=\"fas fa-arrow-up\"><\/i>\t\t\t\t<\/span>\n\t\t\t<\/div>\n\t\t<\/div>\t\t\t\t<\/div>\n\t\t\t\t<\/div>\n\t\t\t\t\t<\/div>\n\t\t<\/div>\n\t\t\t\t\t<\/div>\n\t\t<\/div>\n\t\t\t\t<\/div>","protected":false},"excerpt":{"rendered":"<p>Descripci\u00f3n general delos gases de efecto invernadero A los gases que atrapan el calor en la atm\u00f3sfera se les llama gases de efecto invernadero. En esta secci\u00f3n se proporciona informaci\u00f3n sobre las emisiones y las formas de eliminaci\u00f3n de los principales gases de efecto invernadero a y de la atm\u00f3sfera. Nota: La mayor\u00eda de los [&hellip;]<\/p>\n<div class=\"pvc_clear\"><\/div>\n<p id=\"pvc_stats_4403\" class=\"pvc_stats all\" data-element-id=\"4403\" style=\"\"><i class=\"pvc-stats-icon small\" aria-hidden=\"true\"><svg aria-hidden=\"true\" focusable=\"false\" data-prefix=\"far\" data-icon=\"chart-bar\" role=\"img\" xmlns=\"http:\/\/www.w3.org\/2000\/svg\" viewbox=\"0 0 512 512\" class=\"svg-inline--fa fa-chart-bar fa-w-16 fa-2x\"><path fill=\"currentColor\" d=\"M396.8 352h22.4c6.4 0 12.8-6.4 12.8-12.8V108.8c0-6.4-6.4-12.8-12.8-12.8h-22.4c-6.4 0-12.8 6.4-12.8 12.8v230.4c0 6.4 6.4 12.8 12.8 12.8zm-192 0h22.4c6.4 0 12.8-6.4 12.8-12.8V140.8c0-6.4-6.4-12.8-12.8-12.8h-22.4c-6.4 0-12.8 6.4-12.8 12.8v198.4c0 6.4 6.4 12.8 12.8 12.8zm96 0h22.4c6.4 0 12.8-6.4 12.8-12.8V204.8c0-6.4-6.4-12.8-12.8-12.8h-22.4c-6.4 0-12.8 6.4-12.8 12.8v134.4c0 6.4 6.4 12.8 12.8 12.8zM496 400H48V80c0-8.84-7.16-16-16-16H16C7.16 64 0 71.16 0 80v336c0 17.67 14.33 32 32 32h464c8.84 0 16-7.16 16-16v-16c0-8.84-7.16-16-16-16zm-387.2-48h22.4c6.4 0 12.8-6.4 12.8-12.8v-70.4c0-6.4-6.4-12.8-12.8-12.8h-22.4c-6.4 0-12.8 6.4-12.8 12.8v70.4c0 6.4 6.4 12.8 12.8 12.8z\" class=\"\"><\/path><\/svg><\/i> <img decoding=\"async\" width=\"16\" height=\"16\" alt=\"Loading\" src=\"https:\/\/hawa.com.ar\/wp-content\/plugins\/page-views-count\/ajax-loader-2x.gif\" border=\"0\" \/><\/p>\n<div class=\"pvc_clear\"><\/div>","protected":false},"author":1,"featured_media":0,"parent":0,"menu_order":0,"comment_status":"closed","ping_status":"closed","template":"","meta":{"footnotes":""},"class_list":["post-4403","page","type-page","status-publish","hentry"],"a3_pvc":{"activated":true,"total_views":0,"today_views":0},"yoast_head":"<!-- This site is optimized with the Yoast SEO plugin v25.3.1 - https:\/\/yoast.com\/wordpress\/plugins\/seo\/ -->\n<title>efecto_invernadero #2 - HAWA<\/title>\n<meta name=\"robots\" content=\"index, follow, max-snippet:-1, max-image-preview:large, max-video-preview:-1\" \/>\n<link rel=\"canonical\" href=\"https:\/\/hawa.com.ar\/pt\/efecto_invernadero-2\/\" \/>\n<meta property=\"og:locale\" content=\"pt_BR\" \/>\n<meta property=\"og:type\" content=\"article\" \/>\n<meta property=\"og:title\" content=\"efecto_invernadero #2 - HAWA\" \/>\n<meta property=\"og:description\" content=\"Descripci\u00f3n general delos gases de efecto invernadero A los gases que atrapan el calor en la atm\u00f3sfera se les llama gases de efecto invernadero. En esta secci\u00f3n se proporciona informaci\u00f3n sobre las emisiones y las formas de eliminaci\u00f3n de los principales gases de efecto invernadero a y de la atm\u00f3sfera. Nota: La mayor\u00eda de los [&hellip;]\" \/>\n<meta property=\"og:url\" content=\"https:\/\/hawa.com.ar\/pt\/efecto_invernadero-2\/\" \/>\n<meta property=\"og:site_name\" content=\"HAWA\" \/>\n<meta property=\"article:modified_time\" content=\"2025-11-21T00:27:22+00:00\" \/>\n<meta property=\"og:image\" content=\"https:\/\/hawa.com.ar\/wp-content\/uploads\/2025\/11\/grafico_gases_moderno.png\" \/>\n\t<meta property=\"og:image:width\" content=\"1000\" \/>\n\t<meta property=\"og:image:height\" content=\"700\" \/>\n\t<meta property=\"og:image:type\" content=\"image\/png\" \/>\n<meta name=\"twitter:card\" content=\"summary_large_image\" \/>\n<meta name=\"twitter:label1\" content=\"Est. tempo de leitura\" \/>\n\t<meta name=\"twitter:data1\" content=\"3 minutos\" \/>\n<script type=\"application\/ld+json\" class=\"yoast-schema-graph\">{\"@context\":\"https:\/\/schema.org\",\"@graph\":[{\"@type\":\"WebPage\",\"@id\":\"https:\/\/hawa.com.ar\/efecto_invernadero-2\/\",\"url\":\"https:\/\/hawa.com.ar\/efecto_invernadero-2\/\",\"name\":\"efecto_invernadero #2 - HAWA\",\"isPartOf\":{\"@id\":\"https:\/\/hawa.com.ar\/#website\"},\"primaryImageOfPage\":{\"@id\":\"https:\/\/hawa.com.ar\/efecto_invernadero-2\/#primaryimage\"},\"image\":{\"@id\":\"https:\/\/hawa.com.ar\/efecto_invernadero-2\/#primaryimage\"},\"thumbnailUrl\":\"https:\/\/hawa.com.ar\/wp-content\/uploads\/2025\/11\/grafico_gases_moderno-300x210.png\",\"datePublished\":\"2025-11-20T23:42:41+00:00\",\"dateModified\":\"2025-11-21T00:27:22+00:00\",\"breadcrumb\":{\"@id\":\"https:\/\/hawa.com.ar\/efecto_invernadero-2\/#breadcrumb\"},\"inLanguage\":\"pt-BR\",\"potentialAction\":[{\"@type\":\"ReadAction\",\"target\":[\"https:\/\/hawa.com.ar\/efecto_invernadero-2\/\"]}]},{\"@type\":\"ImageObject\",\"inLanguage\":\"pt-BR\",\"@id\":\"https:\/\/hawa.com.ar\/efecto_invernadero-2\/#primaryimage\",\"url\":\"https:\/\/hawa.com.ar\/wp-content\/uploads\/2025\/11\/grafico_gases_moderno-300x210.png\",\"contentUrl\":\"https:\/\/hawa.com.ar\/wp-content\/uploads\/2025\/11\/grafico_gases_moderno-300x210.png\"},{\"@type\":\"BreadcrumbList\",\"@id\":\"https:\/\/hawa.com.ar\/efecto_invernadero-2\/#breadcrumb\",\"itemListElement\":[{\"@type\":\"ListItem\",\"position\":1,\"name\":\"Portada\",\"item\":\"https:\/\/hawa.com.ar\/\"},{\"@type\":\"ListItem\",\"position\":2,\"name\":\"efecto_invernadero #2\"}]},{\"@type\":\"WebSite\",\"@id\":\"https:\/\/hawa.com.ar\/#website\",\"url\":\"https:\/\/hawa.com.ar\/\",\"name\":\"HAWA\",\"description\":\"Analizamos tu huella de carbono y te brindamos herramientas para minimizarla y compensar.\",\"publisher\":{\"@id\":\"https:\/\/hawa.com.ar\/#organization\"},\"alternateName\":\"Consultora ambiental\",\"potentialAction\":[{\"@type\":\"SearchAction\",\"target\":{\"@type\":\"EntryPoint\",\"urlTemplate\":\"https:\/\/hawa.com.ar\/?s={search_term_string}\"},\"query-input\":{\"@type\":\"PropertyValueSpecification\",\"valueRequired\":true,\"valueName\":\"search_term_string\"}}],\"inLanguage\":\"pt-BR\"},{\"@type\":\"Organization\",\"@id\":\"https:\/\/hawa.com.ar\/#organization\",\"name\":\"HAWA Consultora ambiental\",\"alternateName\":\"Consultora ambiental\",\"url\":\"https:\/\/hawa.com.ar\/\",\"logo\":{\"@type\":\"ImageObject\",\"inLanguage\":\"pt-BR\",\"@id\":\"https:\/\/hawa.com.ar\/#\/schema\/logo\/image\/\",\"url\":\"https:\/\/hawa.com.ar\/wp-content\/uploads\/2023\/06\/1-e1743913746981.png\",\"contentUrl\":\"https:\/\/hawa.com.ar\/wp-content\/uploads\/2023\/06\/1-e1743913746981.png\",\"width\":724,\"height\":311,\"caption\":\"HAWA Consultora ambiental\"},\"image\":{\"@id\":\"https:\/\/hawa.com.ar\/#\/schema\/logo\/image\/\"}}]}<\/script>\n<!-- \/ Yoast SEO plugin. -->","yoast_head_json":{"title":"efecto_invernadero #2 - HAWA","robots":{"index":"index","follow":"follow","max-snippet":"max-snippet:-1","max-image-preview":"max-image-preview:large","max-video-preview":"max-video-preview:-1"},"canonical":"https:\/\/hawa.com.ar\/pt\/efecto_invernadero-2\/","og_locale":"pt_BR","og_type":"article","og_title":"efecto_invernadero #2 - HAWA","og_description":"Descripci\u00f3n general delos gases de efecto invernadero A los gases que atrapan el calor en la atm\u00f3sfera se les llama gases de efecto invernadero. En esta secci\u00f3n se proporciona informaci\u00f3n sobre las emisiones y las formas de eliminaci\u00f3n de los principales gases de efecto invernadero a y de la atm\u00f3sfera. Nota: La mayor\u00eda de los [&hellip;]","og_url":"https:\/\/hawa.com.ar\/pt\/efecto_invernadero-2\/","og_site_name":"HAWA","article_modified_time":"2025-11-21T00:27:22+00:00","og_image":[{"width":1000,"height":700,"url":"https:\/\/hawa.com.ar\/wp-content\/uploads\/2025\/11\/grafico_gases_moderno.png","type":"image\/png"}],"twitter_card":"summary_large_image","twitter_misc":{"Est. tempo de leitura":"3 minutos"},"schema":{"@context":"https:\/\/schema.org","@graph":[{"@type":"WebPage","@id":"https:\/\/hawa.com.ar\/efecto_invernadero-2\/","url":"https:\/\/hawa.com.ar\/efecto_invernadero-2\/","name":"efecto_invernadero #2 - HAWA","isPartOf":{"@id":"https:\/\/hawa.com.ar\/#website"},"primaryImageOfPage":{"@id":"https:\/\/hawa.com.ar\/efecto_invernadero-2\/#primaryimage"},"image":{"@id":"https:\/\/hawa.com.ar\/efecto_invernadero-2\/#primaryimage"},"thumbnailUrl":"https:\/\/hawa.com.ar\/wp-content\/uploads\/2025\/11\/grafico_gases_moderno-300x210.png","datePublished":"2025-11-20T23:42:41+00:00","dateModified":"2025-11-21T00:27:22+00:00","breadcrumb":{"@id":"https:\/\/hawa.com.ar\/efecto_invernadero-2\/#breadcrumb"},"inLanguage":"pt-BR","potentialAction":[{"@type":"ReadAction","target":["https:\/\/hawa.com.ar\/efecto_invernadero-2\/"]}]},{"@type":"ImageObject","inLanguage":"pt-BR","@id":"https:\/\/hawa.com.ar\/efecto_invernadero-2\/#primaryimage","url":"https:\/\/hawa.com.ar\/wp-content\/uploads\/2025\/11\/grafico_gases_moderno-300x210.png","contentUrl":"https:\/\/hawa.com.ar\/wp-content\/uploads\/2025\/11\/grafico_gases_moderno-300x210.png"},{"@type":"BreadcrumbList","@id":"https:\/\/hawa.com.ar\/efecto_invernadero-2\/#breadcrumb","itemListElement":[{"@type":"ListItem","position":1,"name":"Portada","item":"https:\/\/hawa.com.ar\/"},{"@type":"ListItem","position":2,"name":"efecto_invernadero #2"}]},{"@type":"WebSite","@id":"https:\/\/hawa.com.ar\/#website","url":"https:\/\/hawa.com.ar\/","name":"HAWA","description":"Analisamos sua pegada de carbono e fornecemos ferramentas para minimiz\u00e1-la e compens\u00e1-la.","publisher":{"@id":"https:\/\/hawa.com.ar\/#organization"},"alternateName":"Consultora ambiental","potentialAction":[{"@type":"SearchAction","target":{"@type":"EntryPoint","urlTemplate":"https:\/\/hawa.com.ar\/?s={search_term_string}"},"query-input":{"@type":"PropertyValueSpecification","valueRequired":true,"valueName":"search_term_string"}}],"inLanguage":"pt-BR"},{"@type":"Organization","@id":"https:\/\/hawa.com.ar\/#organization","name":"HAWA Consultora ambiental","alternateName":"Consultora ambiental","url":"https:\/\/hawa.com.ar\/","logo":{"@type":"ImageObject","inLanguage":"pt-BR","@id":"https:\/\/hawa.com.ar\/#\/schema\/logo\/image\/","url":"https:\/\/hawa.com.ar\/wp-content\/uploads\/2023\/06\/1-e1743913746981.png","contentUrl":"https:\/\/hawa.com.ar\/wp-content\/uploads\/2023\/06\/1-e1743913746981.png","width":724,"height":311,"caption":"HAWA Consultora ambiental"},"image":{"@id":"https:\/\/hawa.com.ar\/#\/schema\/logo\/image\/"}}]}},"_links":{"self":[{"href":"https:\/\/hawa.com.ar\/pt\/wp-json\/wp\/v2\/pages\/4403","targetHints":{"allow":["GET"]}}],"collection":[{"href":"https:\/\/hawa.com.ar\/pt\/wp-json\/wp\/v2\/pages"}],"about":[{"href":"https:\/\/hawa.com.ar\/pt\/wp-json\/wp\/v2\/types\/page"}],"author":[{"embeddable":true,"href":"https:\/\/hawa.com.ar\/pt\/wp-json\/wp\/v2\/users\/1"}],"replies":[{"embeddable":true,"href":"https:\/\/hawa.com.ar\/pt\/wp-json\/wp\/v2\/comments?post=4403"}],"version-history":[{"count":4,"href":"https:\/\/hawa.com.ar\/pt\/wp-json\/wp\/v2\/pages\/4403\/revisions"}],"predecessor-version":[{"id":4455,"href":"https:\/\/hawa.com.ar\/pt\/wp-json\/wp\/v2\/pages\/4403\/revisions\/4455"}],"wp:attachment":[{"href":"https:\/\/hawa.com.ar\/pt\/wp-json\/wp\/v2\/media?parent=4403"}],"curies":[{"name":"wp","href":"https:\/\/api.w.org\/{rel}","templated":true}]}}