{"id":4472,"date":"2025-11-21T21:10:05","date_gmt":"2025-11-21T21:10:05","guid":{"rendered":"https:\/\/hawa.com.ar\/?page_id=4472"},"modified":"2025-11-21T21:23:17","modified_gmt":"2025-11-21T21:23:17","slug":"la-salud-en-contra-de-la-salud","status":"publish","type":"page","link":"https:\/\/hawa.com.ar\/pt\/la-salud-en-contra-de-la-salud\/","title":{"rendered":"Huella de Carbono: La salud en contra de la salud"},"content":{"rendered":"<div data-elementor-type=\"wp-page\" data-elementor-id=\"4472\" class=\"elementor elementor-4472\" data-elementor-post-type=\"page\">\n\t\t\t\t\t\t<div class=\"elementor-section elementor-top-section elementor-element elementor-element-e14fc48 elementor-section-full_width elementor-section-height-default elementor-section-height-default\" data-id=\"e14fc48\" data-element_type=\"section\" data-e-type=\"section\" data-settings=\"{&quot;background_background&quot;:&quot;classic&quot;,&quot;animation_mobile&quot;:&quot;bounce&quot;}\">\n\t\t\t\t\t\t<div class=\"elementor-container elementor-column-gap-default\">\n\t\t\t\t\t<div class=\"elementor-column elementor-col-100 elementor-top-column elementor-element elementor-element-b2e6309\" data-id=\"b2e6309\" data-element_type=\"column\" data-e-type=\"column\">\n\t\t\t<div class=\"elementor-widget-wrap elementor-element-populated\">\n\t\t\t\t\t\t<div class=\"elementor-element elementor-element-8ff901b elementor-widget elementor-widget-heading\" data-id=\"8ff901b\" data-element_type=\"widget\" data-e-type=\"widget\" data-widget_type=\"heading.default\">\n\t\t\t\t<div class=\"elementor-widget-container\">\n\t\t\t\t\t<p class=\"elementor-heading-title elementor-size-default\">Huella de carbono: La salud en contra de la salud<\/p>\t\t\t\t<\/div>\n\t\t\t\t<\/div>\n\t\t\t\t<div class=\"elementor-element elementor-element-999757f elementor-widget elementor-widget-text-editor\" data-id=\"999757f\" data-element_type=\"widget\" data-e-type=\"widget\" data-widget_type=\"text-editor.default\">\n\t\t\t\t<div class=\"elementor-widget-container\">\n\t\t\t\t\t\t\t\t\t<p><img decoding=\"async\" class=\"wp-image-4478 alignright\" src=\"https:\/\/hawa.com.ar\/wp-content\/uploads\/2025\/11\/salud-563-300x164.png\" alt=\"Salud\" width=\"300\" height=\"164\" srcset=\"https:\/\/hawa.com.ar\/wp-content\/uploads\/2025\/11\/salud-563-300x164.png 300w, https:\/\/hawa.com.ar\/wp-content\/uploads\/2025\/11\/salud-563-18x10.png 18w, https:\/\/hawa.com.ar\/wp-content\/uploads\/2025\/11\/salud-563.png 563w\" sizes=\"(max-width: 300px) 100vw, 300px\" \/>Certamente, associar o setor da sa\u00fade ou os sistemas de sa\u00fade \u00e0s mudan\u00e7as clim\u00e1ticas n\u00e3o parece fazer muito sentido. No entanto, como acontece com a maioria das atividades humanas, aquelas relacionadas \u00e0 sa\u00fade tamb\u00e9m t\u00eam um impacto negativo no meio ambiente.<\/p><p>Os avan\u00e7os cient\u00edficos e tecnol\u00f3gicos no setor da sa\u00fade est\u00e3o definitivamente trazendo mudan\u00e7as positivas em nossa qualidade de vida.<br \/>No entanto, essa melhoria tem um pre\u00e7o; ela vem \u00e0 custa de um custo ambiental mais elevado. Felizmente, por\u00e9m, a ci\u00eancia tamb\u00e9m nos oferece a capacidade de mensurar esse custo: nossas pegadas ecol\u00f3gica e de carbono.<\/p><p>A Pegada Ecol\u00f3gica, uma ferramenta \u00fatil para medir o impacto ambiental<br \/>Em termos simples, a pegada ecol\u00f3gica \u00e9 um indicador da capacidade produtiva do nosso planeta. De fato, todas as nossas atividades consomem recursos e geram res\u00edduos. Portanto, quando excedemos nossa produ\u00e7\u00e3o de res\u00edduos \u2014 ou seja, quando alteramos a capacidade da Terra de absorv\u00ea-los \u2014 estamos criando um desequil\u00edbrio. Portanto, quando isso acontece, significa que estamos agindo de forma errada, pois n\u00e3o estamos dando tempo ao planeta para se recuperar. Um reflexo disso \u00e9 que, atualmente, de acordo com diversos relat\u00f3rios, nossas necessidades de consumo excedem a capacidade do planeta de regenerar os recursos que utilizamos em entre 30% e 60%.<br \/>A pegada de carbono e o impacto das atividades do setor da sa\u00fade<br \/>A pegada de carbono \u00e9 outro indicador que nos permite calcular a quantidade de gases de efeito estufa emitidos, tanto individualmente quanto como resultado de uma atividade espec\u00edfica. De fato, nada do que produzimos ou consumimos \u00e9 poss\u00edvel sem o uso de energia, e esta \u00e9 fornecida principalmente por combust\u00edveis f\u00f3sseis: g\u00e1s, petr\u00f3leo e carv\u00e3o, as principais fontes desses gases.<br \/>No que diz respeito ao setor da sa\u00fade, h\u00e1 relatos que lhe atribuem a responsabilidade prim\u00e1ria pelas altera\u00e7\u00f5es clim\u00e1ticas, que, paradoxalmente, constituem a maior amea\u00e7a \u00e0 sa\u00fade humana. Isto porque os servi\u00e7os que presta, bem como a<br \/>os produtos e tecnologias que utiliza fazem parte de uma cadeia intensiva de libera\u00e7\u00e3o de gases de efeito estufa.<\/p><p>\u00c9 claro que a melhor maneira de demonstrar que o que se afirma \u00e9 o que se observa na realidade \u00e9 por meio dos dados que a realidade fornece. Esses dados nos dizem o seguinte:<\/p><p>A pegada ecol\u00f3gica do setor da sa\u00fade equivale a 4,4% das emiss\u00f5es globais l\u00edquidas. Esse n\u00famero coloca o setor da sa\u00fade como um dos principais impulsionadores das mudan\u00e7as clim\u00e1ticas.<br \/>Para medir a pegada ecol\u00f3gica global do setor, podemos dizer que essa emiss\u00e3o \u00e9 equivalente \u00e0 produ\u00e7\u00e3o anual de 514 usinas termel\u00e9tricas a carv\u00e3o.<br \/>Se quis\u00e9ssemos dar ao setor da sa\u00fade uma representa\u00e7\u00e3o f\u00edsica na forma de um pa\u00eds, esse pa\u00eds imagin\u00e1rio seria o quinto maior emissor do planeta.<br \/>Mais de 50% da pegada de carbono produzida \u00e9 atribu\u00edda ao consumo de energia de combust\u00edveis f\u00f3sseis.<br \/>Quais s\u00e3o as fontes de emiss\u00f5es do sistema de sa\u00fade?<br \/>O setor da sa\u00fade contribui com emiss\u00f5es de diversas fontes. H\u00e1 tr\u00eas categorias, dependendo da origem:<br \/>Aqueles que s\u00e3o gerados diretamente por instala\u00e7\u00f5es de sa\u00fade e representam 17% da pegada global total do sistema.<br \/>As de origem indireta, ou seja, aquelas derivadas da energia adquirida: eletricidade, vapor, refrigera\u00e7\u00e3o e aquecimento. Representam 12% do total.<br \/>Aqueles origin\u00e1rios da cadeia de suprimentos constituem a maior porcentagem, 71%. Est\u00e3o vinculados \u00e0 cadeia de suprimentos: produ\u00e7\u00e3o, transporte e distribui\u00e7\u00e3o de bens e servi\u00e7os utilizados pelo setor.<br \/>O setor pode se comportar de maneira clim\u00e1tica inteligente?<br \/>Ciertamente, no solamente es posible lograrlo, sino que es un deber y un desaf\u00edo para el sector cuidar la salud sin afectar el medio ambiente. Con ese objetivo, se proponen las siguientes acciones:<br \/>Adopci\u00f3n de medidas en los establecimientos de salud para reducir las emisiones; implementaci\u00f3n de sistemas de energ\u00edas limpias y renovables y de descarbonizaci\u00f3n de sistemas energ\u00e9ticos; ejecuci\u00f3n de criterios de compras bajas en carbono o de emisiones cero.<br \/>Promo\u00e7\u00e3o, pelo setor da sa\u00fade, da transi\u00e7\u00e3o para energias limpas e renov\u00e1veis.<br \/>Identificar caminhos, cronogramas e estruturas de a\u00e7\u00e3o para atingir zero emiss\u00f5es at\u00e9 2050, envolvendo todos os n\u00edveis.<br \/>Incorpora\u00e7\u00e3o de princ\u00edpios e estrat\u00e9gias de assist\u00eancia m\u00e9dica clim\u00e1tica inteligente por ag\u00eancias de empr\u00e9stimos internacionais.<br \/>Estabelecimento e implementa\u00e7\u00e3o de pol\u00edticas governamentais voltadas \u00e0 descarboniza\u00e7\u00e3o dos sistemas de sa\u00fade.<br \/>Aprofundar a pesquisa para entender melhor a intera\u00e7\u00e3o entre assist\u00eancia m\u00e9dica e mudan\u00e7as clim\u00e1ticas.<br \/>Por fim, vale destacar que o setor da sa\u00fade tem uma responsabilidade \u00fanica em compara\u00e7\u00e3o com outros setores da sociedade: proteger e promover a sa\u00fade e prevenir danos. Portanto, investimentos em sa\u00fade e em pol\u00edticas de sa\u00fade voltadas \u00e0 descarboniza\u00e7\u00e3o devem ser priorit\u00e1rios para nos conduzir a um futuro mais saud\u00e1vel e socialmente mais equitativo.<\/p><p>Refer\u00eancias bibliogr\u00e1ficas<br \/>Gil Posse, C. (2022). Pegada Clim\u00e1tica do Setor Sa\u00fade. Dispon\u00edvel em <a href=\"https:\/\/saludsindanio.org\/HuellaClimaticaSalud\">VER<\/a><br \/>Gonz\u00e1lez, D. (2020). Voc\u00ea sabe o quanto o setor da sa\u00fade polui o planeta? Dispon\u00edvel em <a href=\"https:\/\/gacetamedica.com\/investigacion\/cuanto-contamina-sector-saludplaneta\/\">VER<\/a><br \/>Karliner, J. et al. (2019). A pegada clim\u00e1tica do setor da sa\u00fade: como o setor da sa\u00fade contribui para a crise clim\u00e1tica global: oportunidades de a\u00e7\u00e3o. S\u00e9rie Sa\u00fade Climaticamente Inteligente. Livro Verde n\u00ba 1. Dispon\u00edvel em <a href=\"https:\/\/media.businesshumanrights.org\/media\/documents\/files\/documents\/Huella_clim%C3%A1tica_del_sector_salud.pdf\">VER<\/a><br \/>Miranda, D. (2020). O d\u00e9ficit ecol\u00f3gico \u00e9 atrasado em tr\u00eas semanas em 2020. Dispon\u00edvel em <a href=\"https:\/\/www.nationalgeographic.com.es\/mundo-ng\/deficit-ecologico-se-retrasatres-semanas2020_15841#:~:text=En%20un%20a%C3%B1o%20marcado%20por,pero%20sigue%20sin%20ser%20suficiente.\">VER<\/a><br \/>Nova Economia M\u00e9dica (2022). Pegada Clim\u00e1tica e o Setor da Sa\u00fade. Dispon\u00edvel em <a href=\"https:\/\/www.newmedicaleconomics.es\/en-profundidad\/huella-climatica-y-sectorsalud\/\">VER<\/a><br \/>Soler, C. (2021). Sa\u00fade e sua pegada de carbono: Hospitais entram na corrida para zero. Dispon\u00edvel em <a href=\"https:\/\/www.carbono.news\/salud-y-alimentacion\/la-saludy-su-huella-de-carbono-los-hospitales-se-suman-a-la-carrera-hacia-el-cero\/\">VER<\/a><br \/>Universidade Tecnol\u00f3gica de Pereira (2020). O que \u00e9 a pegada ecol\u00f3gica? Centro de Gest\u00e3o Ambiental. Dispon\u00edvel em <a href=\"https:\/\/www2.utp.edu.co\/centro-gestionambiental\/informacion-de-interes\/que-es-la-huella-ecologica\">VER<\/a><\/p>\t\t\t\t\t\t\t\t<\/div>\n\t\t\t\t<\/div>\n\t\t\t\t<div class=\"elementor-element elementor-element-691549e elementor-align-center elementor-widget elementor-widget-button\" data-id=\"691549e\" data-element_type=\"widget\" data-e-type=\"widget\" data-widget_type=\"button.default\">\n\t\t\t\t<div class=\"elementor-widget-container\">\n\t\t\t\t\t\t\t\t\t<div class=\"elementor-button-wrapper\">\n\t\t\t\t\t<a class=\"elementor-button elementor-button-link elementor-size-sm\" href=\"https:\/\/hawa.com.ar\/pt\/\">\n\t\t\t\t\t\t<span class=\"elementor-button-content-wrapper\">\n\t\t\t\t\t\t\t\t\t<span class=\"elementor-button-text\">VOLTAR \u00c0 P\u00c1GINA INICIAL<\/span>\n\t\t\t\t\t<\/span>\n\t\t\t\t\t<\/a>\n\t\t\t\t<\/div>\n\t\t\t\t\t\t\t\t<\/div>\n\t\t\t\t<\/div>\n\t\t\t\t<div class=\"elementor-element elementor-element-d1686e3 elementor-widget__width-inherit elementor-fixed elementor-widget elementor-widget-elementskit-back-to-top\" data-id=\"d1686e3\" data-element_type=\"widget\" data-e-type=\"widget\" data-settings=\"{&quot;_position&quot;:&quot;fixed&quot;}\" data-widget_type=\"elementskit-back-to-top.default\">\n\t\t\t\t<div class=\"elementor-widget-container\">\n\t\t\t\t\t<div class=\"ekit-wid-con\" >\t\t\t<div class=\"ekit-back-to-top-container ekit-btt icon_only\" data-settings=\"{&quot;offset_top&quot;:0,&quot;show_after&quot;:0,&quot;show_scroll&quot;:&quot;yes&quot;,&quot;style&quot;:&quot;icon_only&quot;,&quot;foreground&quot;:null,&quot;background&quot;:null}\"> \n\t\t\t\t<span class=\"ekit-btt__button yes\">\n\t\t\t\t\t<i aria-hidden=\"true\" class=\"fas fa-arrow-up\"><\/i>\t\t\t\t<\/span>\n\t\t\t<\/div>\n\t\t<\/div>\t\t\t\t<\/div>\n\t\t\t\t<\/div>\n\t\t\t\t\t<\/div>\n\t\t<\/div>\n\t\t\t\t\t<\/div>\n\t\t<\/div>\n\t\t\t\t<section class=\"elementor-section elementor-top-section elementor-element elementor-element-284f36e elementor-section-boxed elementor-section-height-default elementor-section-height-default\" data-id=\"284f36e\" data-element_type=\"section\" data-e-type=\"section\">\n\t\t\t\t\t\t<div class=\"elementor-container elementor-column-gap-default\">\n\t\t\t\t\t<div class=\"elementor-column elementor-col-100 elementor-top-column elementor-element elementor-element-3fec35c\" data-id=\"3fec35c\" data-element_type=\"column\" data-e-type=\"column\">\n\t\t\t<div class=\"elementor-widget-wrap\">\n\t\t\t\t\t\t\t<\/div>\n\t\t<\/div>\n\t\t\t\t\t<\/div>\n\t\t<\/section>\n\t\t\t\t<section class=\"elementor-section elementor-top-section elementor-element elementor-element-fb0182b elementor-section-boxed elementor-section-height-default elementor-section-height-default\" data-id=\"fb0182b\" data-element_type=\"section\" data-e-type=\"section\">\n\t\t\t\t\t\t<div class=\"elementor-container elementor-column-gap-default\">\n\t\t\t\t\t<div class=\"elementor-column elementor-col-100 elementor-top-column elementor-element elementor-element-6e8a703\" data-id=\"6e8a703\" data-element_type=\"column\" data-e-type=\"column\">\n\t\t\t<div class=\"elementor-widget-wrap\">\n\t\t\t\t\t\t\t<\/div>\n\t\t<\/div>\n\t\t\t\t\t<\/div>\n\t\t<\/section>\n\t\t\t\t<\/div>","protected":false},"excerpt":{"rendered":"<p>Huella de carbono: La salud en contra de la salud Ciertamente, asociar al sector salud o a los sistemas de salud con el cambio clim\u00e1tico, no parecer\u00eda tener mucho sentido. Sin embargo, as\u00ed como sucede con la mayor\u00eda de las actividades humanas, las vinculadas con la salud tambi\u00e9n producen un impacto negativo en el ambiente. [&hellip;]<\/p>\n<div class=\"pvc_clear\"><\/div>\n<p id=\"pvc_stats_4472\" class=\"pvc_stats all\" data-element-id=\"4472\" style=\"\"><i class=\"pvc-stats-icon small\" aria-hidden=\"true\"><svg aria-hidden=\"true\" focusable=\"false\" data-prefix=\"far\" data-icon=\"chart-bar\" role=\"img\" xmlns=\"http:\/\/www.w3.org\/2000\/svg\" viewbox=\"0 0 512 512\" class=\"svg-inline--fa fa-chart-bar fa-w-16 fa-2x\"><path fill=\"currentColor\" d=\"M396.8 352h22.4c6.4 0 12.8-6.4 12.8-12.8V108.8c0-6.4-6.4-12.8-12.8-12.8h-22.4c-6.4 0-12.8 6.4-12.8 12.8v230.4c0 6.4 6.4 12.8 12.8 12.8zm-192 0h22.4c6.4 0 12.8-6.4 12.8-12.8V140.8c0-6.4-6.4-12.8-12.8-12.8h-22.4c-6.4 0-12.8 6.4-12.8 12.8v198.4c0 6.4 6.4 12.8 12.8 12.8zm96 0h22.4c6.4 0 12.8-6.4 12.8-12.8V204.8c0-6.4-6.4-12.8-12.8-12.8h-22.4c-6.4 0-12.8 6.4-12.8 12.8v134.4c0 6.4 6.4 12.8 12.8 12.8zM496 400H48V80c0-8.84-7.16-16-16-16H16C7.16 64 0 71.16 0 80v336c0 17.67 14.33 32 32 32h464c8.84 0 16-7.16 16-16v-16c0-8.84-7.16-16-16-16zm-387.2-48h22.4c6.4 0 12.8-6.4 12.8-12.8v-70.4c0-6.4-6.4-12.8-12.8-12.8h-22.4c-6.4 0-12.8 6.4-12.8 12.8v70.4c0 6.4 6.4 12.8 12.8 12.8z\" class=\"\"><\/path><\/svg><\/i> <img decoding=\"async\" width=\"16\" height=\"16\" alt=\"Loading\" src=\"https:\/\/hawa.com.ar\/wp-content\/plugins\/page-views-count\/ajax-loader-2x.gif\" border=\"0\" \/><\/p>\n<div class=\"pvc_clear\"><\/div>","protected":false},"author":1,"featured_media":0,"parent":0,"menu_order":0,"comment_status":"closed","ping_status":"closed","template":"","meta":{"footnotes":""},"class_list":["post-4472","page","type-page","status-publish","hentry"],"a3_pvc":{"activated":true,"total_views":0,"today_views":0},"yoast_head":"<!-- This site is optimized with the Yoast SEO plugin v25.3.1 - https:\/\/yoast.com\/wordpress\/plugins\/seo\/ -->\n<title>Huella de Carbono: La salud en contra de la salud - HAWA<\/title>\n<meta name=\"robots\" content=\"index, follow, max-snippet:-1, max-image-preview:large, max-video-preview:-1\" \/>\n<link rel=\"canonical\" href=\"https:\/\/hawa.com.ar\/pt\/la-salud-en-contra-de-la-salud\/\" \/>\n<meta property=\"og:locale\" content=\"pt_BR\" \/>\n<meta property=\"og:type\" content=\"article\" \/>\n<meta property=\"og:title\" content=\"Huella de Carbono: La salud en contra de la salud - HAWA\" \/>\n<meta property=\"og:description\" content=\"Huella de carbono: La salud en contra de la salud Ciertamente, asociar al sector salud o a los sistemas de salud con el cambio clim\u00e1tico, no parecer\u00eda tener mucho sentido. Sin embargo, as\u00ed como sucede con la mayor\u00eda de las actividades humanas, las vinculadas con la salud tambi\u00e9n producen un impacto negativo en el ambiente. [&hellip;]\" \/>\n<meta property=\"og:url\" content=\"https:\/\/hawa.com.ar\/pt\/la-salud-en-contra-de-la-salud\/\" \/>\n<meta property=\"og:site_name\" content=\"HAWA\" \/>\n<meta property=\"article:modified_time\" content=\"2025-11-21T21:23:17+00:00\" \/>\n<meta property=\"og:image\" content=\"https:\/\/hawa.com.ar\/wp-content\/uploads\/2025\/11\/salud-563-300x164.png\" \/>\n<meta name=\"twitter:card\" content=\"summary_large_image\" \/>\n<meta name=\"twitter:label1\" content=\"Est. tempo de leitura\" \/>\n\t<meta name=\"twitter:data1\" content=\"5 minutos\" \/>\n<script type=\"application\/ld+json\" class=\"yoast-schema-graph\">{\"@context\":\"https:\/\/schema.org\",\"@graph\":[{\"@type\":\"WebPage\",\"@id\":\"https:\/\/hawa.com.ar\/la-salud-en-contra-de-la-salud\/\",\"url\":\"https:\/\/hawa.com.ar\/la-salud-en-contra-de-la-salud\/\",\"name\":\"Huella de Carbono: La salud en contra de la salud - HAWA\",\"isPartOf\":{\"@id\":\"https:\/\/hawa.com.ar\/#website\"},\"primaryImageOfPage\":{\"@id\":\"https:\/\/hawa.com.ar\/la-salud-en-contra-de-la-salud\/#primaryimage\"},\"image\":{\"@id\":\"https:\/\/hawa.com.ar\/la-salud-en-contra-de-la-salud\/#primaryimage\"},\"thumbnailUrl\":\"https:\/\/hawa.com.ar\/wp-content\/uploads\/2025\/11\/salud-563-300x164.png\",\"datePublished\":\"2025-11-21T21:10:05+00:00\",\"dateModified\":\"2025-11-21T21:23:17+00:00\",\"breadcrumb\":{\"@id\":\"https:\/\/hawa.com.ar\/la-salud-en-contra-de-la-salud\/#breadcrumb\"},\"inLanguage\":\"pt-BR\",\"potentialAction\":[{\"@type\":\"ReadAction\",\"target\":[\"https:\/\/hawa.com.ar\/la-salud-en-contra-de-la-salud\/\"]}]},{\"@type\":\"ImageObject\",\"inLanguage\":\"pt-BR\",\"@id\":\"https:\/\/hawa.com.ar\/la-salud-en-contra-de-la-salud\/#primaryimage\",\"url\":\"https:\/\/hawa.com.ar\/wp-content\/uploads\/2025\/11\/salud-563-300x164.png\",\"contentUrl\":\"https:\/\/hawa.com.ar\/wp-content\/uploads\/2025\/11\/salud-563-300x164.png\"},{\"@type\":\"BreadcrumbList\",\"@id\":\"https:\/\/hawa.com.ar\/la-salud-en-contra-de-la-salud\/#breadcrumb\",\"itemListElement\":[{\"@type\":\"ListItem\",\"position\":1,\"name\":\"Portada\",\"item\":\"https:\/\/hawa.com.ar\/\"},{\"@type\":\"ListItem\",\"position\":2,\"name\":\"Huella de Carbono: La salud en contra de la salud\"}]},{\"@type\":\"WebSite\",\"@id\":\"https:\/\/hawa.com.ar\/#website\",\"url\":\"https:\/\/hawa.com.ar\/\",\"name\":\"HAWA\",\"description\":\"Analizamos tu huella de carbono y te brindamos herramientas para minimizarla y compensar.\",\"publisher\":{\"@id\":\"https:\/\/hawa.com.ar\/#organization\"},\"alternateName\":\"Consultora ambiental\",\"potentialAction\":[{\"@type\":\"SearchAction\",\"target\":{\"@type\":\"EntryPoint\",\"urlTemplate\":\"https:\/\/hawa.com.ar\/?s={search_term_string}\"},\"query-input\":{\"@type\":\"PropertyValueSpecification\",\"valueRequired\":true,\"valueName\":\"search_term_string\"}}],\"inLanguage\":\"pt-BR\"},{\"@type\":\"Organization\",\"@id\":\"https:\/\/hawa.com.ar\/#organization\",\"name\":\"HAWA Consultora ambiental\",\"alternateName\":\"Consultora ambiental\",\"url\":\"https:\/\/hawa.com.ar\/\",\"logo\":{\"@type\":\"ImageObject\",\"inLanguage\":\"pt-BR\",\"@id\":\"https:\/\/hawa.com.ar\/#\/schema\/logo\/image\/\",\"url\":\"https:\/\/hawa.com.ar\/wp-content\/uploads\/2023\/06\/1-e1743913746981.png\",\"contentUrl\":\"https:\/\/hawa.com.ar\/wp-content\/uploads\/2023\/06\/1-e1743913746981.png\",\"width\":724,\"height\":311,\"caption\":\"HAWA Consultora ambiental\"},\"image\":{\"@id\":\"https:\/\/hawa.com.ar\/#\/schema\/logo\/image\/\"}}]}<\/script>\n<!-- \/ Yoast SEO plugin. -->","yoast_head_json":{"title":"Huella de Carbono: La salud en contra de la salud - HAWA","robots":{"index":"index","follow":"follow","max-snippet":"max-snippet:-1","max-image-preview":"max-image-preview:large","max-video-preview":"max-video-preview:-1"},"canonical":"https:\/\/hawa.com.ar\/pt\/la-salud-en-contra-de-la-salud\/","og_locale":"pt_BR","og_type":"article","og_title":"Huella de Carbono: La salud en contra de la salud - HAWA","og_description":"Huella de carbono: La salud en contra de la salud Ciertamente, asociar al sector salud o a los sistemas de salud con el cambio clim\u00e1tico, no parecer\u00eda tener mucho sentido. Sin embargo, as\u00ed como sucede con la mayor\u00eda de las actividades humanas, las vinculadas con la salud tambi\u00e9n producen un impacto negativo en el ambiente. [&hellip;]","og_url":"https:\/\/hawa.com.ar\/pt\/la-salud-en-contra-de-la-salud\/","og_site_name":"HAWA","article_modified_time":"2025-11-21T21:23:17+00:00","og_image":[{"url":"https:\/\/hawa.com.ar\/wp-content\/uploads\/2025\/11\/salud-563-300x164.png","type":"","width":"","height":""}],"twitter_card":"summary_large_image","twitter_misc":{"Est. tempo de leitura":"5 minutos"},"schema":{"@context":"https:\/\/schema.org","@graph":[{"@type":"WebPage","@id":"https:\/\/hawa.com.ar\/la-salud-en-contra-de-la-salud\/","url":"https:\/\/hawa.com.ar\/la-salud-en-contra-de-la-salud\/","name":"Huella de Carbono: La salud en contra de la salud - HAWA","isPartOf":{"@id":"https:\/\/hawa.com.ar\/#website"},"primaryImageOfPage":{"@id":"https:\/\/hawa.com.ar\/la-salud-en-contra-de-la-salud\/#primaryimage"},"image":{"@id":"https:\/\/hawa.com.ar\/la-salud-en-contra-de-la-salud\/#primaryimage"},"thumbnailUrl":"https:\/\/hawa.com.ar\/wp-content\/uploads\/2025\/11\/salud-563-300x164.png","datePublished":"2025-11-21T21:10:05+00:00","dateModified":"2025-11-21T21:23:17+00:00","breadcrumb":{"@id":"https:\/\/hawa.com.ar\/la-salud-en-contra-de-la-salud\/#breadcrumb"},"inLanguage":"pt-BR","potentialAction":[{"@type":"ReadAction","target":["https:\/\/hawa.com.ar\/la-salud-en-contra-de-la-salud\/"]}]},{"@type":"ImageObject","inLanguage":"pt-BR","@id":"https:\/\/hawa.com.ar\/la-salud-en-contra-de-la-salud\/#primaryimage","url":"https:\/\/hawa.com.ar\/wp-content\/uploads\/2025\/11\/salud-563-300x164.png","contentUrl":"https:\/\/hawa.com.ar\/wp-content\/uploads\/2025\/11\/salud-563-300x164.png"},{"@type":"BreadcrumbList","@id":"https:\/\/hawa.com.ar\/la-salud-en-contra-de-la-salud\/#breadcrumb","itemListElement":[{"@type":"ListItem","position":1,"name":"Portada","item":"https:\/\/hawa.com.ar\/"},{"@type":"ListItem","position":2,"name":"Huella de Carbono: La salud en contra de la salud"}]},{"@type":"WebSite","@id":"https:\/\/hawa.com.ar\/#website","url":"https:\/\/hawa.com.ar\/","name":"HAWA","description":"Analisamos sua pegada de carbono e fornecemos ferramentas para minimiz\u00e1-la e compens\u00e1-la.","publisher":{"@id":"https:\/\/hawa.com.ar\/#organization"},"alternateName":"Consultora ambiental","potentialAction":[{"@type":"SearchAction","target":{"@type":"EntryPoint","urlTemplate":"https:\/\/hawa.com.ar\/?s={search_term_string}"},"query-input":{"@type":"PropertyValueSpecification","valueRequired":true,"valueName":"search_term_string"}}],"inLanguage":"pt-BR"},{"@type":"Organization","@id":"https:\/\/hawa.com.ar\/#organization","name":"HAWA Consultora ambiental","alternateName":"Consultora ambiental","url":"https:\/\/hawa.com.ar\/","logo":{"@type":"ImageObject","inLanguage":"pt-BR","@id":"https:\/\/hawa.com.ar\/#\/schema\/logo\/image\/","url":"https:\/\/hawa.com.ar\/wp-content\/uploads\/2023\/06\/1-e1743913746981.png","contentUrl":"https:\/\/hawa.com.ar\/wp-content\/uploads\/2023\/06\/1-e1743913746981.png","width":724,"height":311,"caption":"HAWA Consultora ambiental"},"image":{"@id":"https:\/\/hawa.com.ar\/#\/schema\/logo\/image\/"}}]}},"_links":{"self":[{"href":"https:\/\/hawa.com.ar\/pt\/wp-json\/wp\/v2\/pages\/4472","targetHints":{"allow":["GET"]}}],"collection":[{"href":"https:\/\/hawa.com.ar\/pt\/wp-json\/wp\/v2\/pages"}],"about":[{"href":"https:\/\/hawa.com.ar\/pt\/wp-json\/wp\/v2\/types\/page"}],"author":[{"embeddable":true,"href":"https:\/\/hawa.com.ar\/pt\/wp-json\/wp\/v2\/users\/1"}],"replies":[{"embeddable":true,"href":"https:\/\/hawa.com.ar\/pt\/wp-json\/wp\/v2\/comments?post=4472"}],"version-history":[{"count":7,"href":"https:\/\/hawa.com.ar\/pt\/wp-json\/wp\/v2\/pages\/4472\/revisions"}],"predecessor-version":[{"id":4481,"href":"https:\/\/hawa.com.ar\/pt\/wp-json\/wp\/v2\/pages\/4472\/revisions\/4481"}],"wp:attachment":[{"href":"https:\/\/hawa.com.ar\/pt\/wp-json\/wp\/v2\/media?parent=4472"}],"curies":[{"name":"wp","href":"https:\/\/api.w.org\/{rel}","templated":true}]}}